{"id":9241,"date":"2021-05-10T11:24:52","date_gmt":"2021-05-10T09:24:52","guid":{"rendered":"https:\/\/serviciopdi.umh.es\/?page_id=9241"},"modified":"2025-12-18T13:03:46","modified_gmt":"2025-12-18T12:03:46","slug":"vacaciones-permisos-y-licencias","status":"publish","type":"page","link":"https:\/\/servicioprofesorado.umh.es\/en\/formularios\/vacaciones-permisos-y-licencias\/","title":{"rendered":"Vacations, permits and licenses"},"content":{"rendered":"<p>Para realizar solicitudes de vacaciones, permisos y licencias, el personal docente deber\u00e1 dirigirse a su <a href=\"https:\/\/umh.es\/\" target=\"_blank\" rel=\"noopener noreferrer\">acceso identificado<\/a> y, en el apartado &#8220;Ausencias&#8221;, seleccionar el tipo de permiso, indicando el d\u00eda o d\u00edas de duraci\u00f3n del mismo.<\/p>\n<p>Para la solicitud de excedencias, debe dirigirse a la <a href=\"https:\/\/sede.umh.es\/\" target=\"_blank\" rel=\"noopener noreferrer\">sede electr\u00f3nica<\/a> y, a trav\u00e9s de una <a href=\"https:\/\/sede.umh.es\/procedimientos\/instancia-general\/\" target=\"_blank\" rel=\"noopener noreferrer\">instancia general<\/a>, realizar la solicitud dirigida al Servicio de Personal Docente e Investigar y Gesti\u00f3n Econ\u00f3mica de los RR.HH.<\/p>\n<p>Para m\u00e1s informaci\u00f3n puede escribirnos al buz\u00f3n: <a href=\"mailto:servicio.pdi@umh.es\" target=\"_blank\" rel=\"noopener noreferrer\">servicio.pdi@umh.es<\/a><\/p>\n<p>Tambi\u00e9n puede consultar nuestra normativa al respecto:<\/p>\n<ul>\n<li><a href=\"https:\/\/serviciopdi.umh.es\/files\/2018\/10\/Reglamento-R%C3%A9gimen-General-del-PDI-de-la-UMH-modif-14-12-2016.pdf\" target=\"_blank\" rel=\"noopener noreferrer\">Reglamento de R\u00e9gimen General del Personal Docente e Investigador de la Universidad Miguel Hern\u00e1ndez de Elche. (PDF)<\/a><\/li>\n<li><a href=\"https:\/\/serviciopdi.umh.es\/files\/2014\/03\/Not.-acu.-protocolo-permisos-licencias-vacaciones-etc.-del-PDI.pdf\" target=\"_blank\" rel=\"noopener noreferrer\">Acuerdo de aprobaci\u00f3n del protocolo de Permisos, Licencias, Vacaciones y Cambios de Situaci\u00f3n Administrativa del personal con plaza vinculada y Profesores Asociados de Ciencias de la Salud de la UMH. (PDF)<\/a><\/li>\n<li><a href=\"https:\/\/serviciopdi.umh.es\/files\/2019\/01\/INSTRUCCI\u00d3N-INFORMATIVA-SOBRE-AMPLIACI\u00d3N-DE-PERMISOS-PDI-A\u00d1O-2019-C.G.30.01.2019-v4.pdf\" target=\"_blank\" rel=\"noopener noreferrer\">Instrucci\u00f3n informativa de la Vicerrectora de Profesorado sobre la ampliaci\u00f3n de determinados permisos del Personal Docente e Investigador de la Universidad Miguel Hern\u00e1ndez de Elche para el a\u00f1o 2019 (Mofificada por C.G. 30-01-2019) (PDF).<\/a><\/li>\n<\/ul>\n<p><\/p>","protected":false},"excerpt":{"rendered":"<p>Para realizar solicitudes de vacaciones, permisos y licencias, el personal docente deber\u00e1 dirigirse a su acceso identificado y, en el apartado &#8220;Ausencias&#8221;, seleccionar el tipo de permiso, indicando el d\u00eda o d\u00edas de duraci\u00f3n del mismo.<br \/>\nPara la solicitud de excedencias, debe dirigirse a la sede electr\u00f3nica y, a trav\u00e9s de una instancia general, realizar la [&#8230;]<\/p>\n","protected":false},"author":3581,"featured_media":0,"parent":37,"menu_order":52,"comment_status":"closed","ping_status":"closed","template":"","meta":{"_links_to":"","_links_to_target":""},"_links":{"self":[{"href":"https:\/\/servicioprofesorado.umh.es\/en\/wp-json\/wp\/v2\/pages\/9241"}],"collection":[{"href":"https:\/\/servicioprofesorado.umh.es\/en\/wp-json\/wp\/v2\/pages"}],"about":[{"href":"https:\/\/servicioprofesorado.umh.es\/en\/wp-json\/wp\/v2\/types\/page"}],"author":[{"embeddable":true,"href":"https:\/\/servicioprofesorado.umh.es\/en\/wp-json\/wp\/v2\/users\/3581"}],"replies":[{"embeddable":true,"href":"https:\/\/servicioprofesorado.umh.es\/en\/wp-json\/wp\/v2\/comments?post=9241"}],"version-history":[{"count":0,"href":"https:\/\/servicioprofesorado.umh.es\/en\/wp-json\/wp\/v2\/pages\/9241\/revisions"}],"up":[{"embeddable":true,"href":"https:\/\/servicioprofesorado.umh.es\/en\/wp-json\/wp\/v2\/pages\/37"}],"wp:attachment":[{"href":"https:\/\/servicioprofesorado.umh.es\/en\/wp-json\/wp\/v2\/media?parent=9241"}],"curies":[{"name":"wp","href":"https:\/\/api.w.org\/{rel}","templated":true}]}}