{"id":9169,"date":"2021-05-06T12:43:00","date_gmt":"2021-05-06T10:43:00","guid":{"rendered":"https:\/\/serviciopdi.umh.es\/?page_id=9169"},"modified":"2026-01-27T09:23:22","modified_gmt":"2026-01-27T08:23:22","slug":"certificados","status":"publish","type":"page","link":"https:\/\/servicioprofesorado.umh.es\/en\/formularios\/certificados\/","title":{"rendered":"Certificates"},"content":{"rendered":"<p><\/p>\n<ul>\n<li>\n<h3><strong>Certificado de Servicios Prestados:<\/strong><\/h3>\n<\/li>\n<\/ul>\n<p style=\"text-align: justify\">Los certificados de Servicios Prestados pueden obtenerse, con <strong>certificado digital<\/strong>, a trav\u00e9s de la sede electr\u00f3nica en <a href=\"https:\/\/sede.umh.es\/procedimientos\/expedicion-del-certificado-de-servicios-prestados\/\" target=\"_blank\" rel=\"noopener noreferrer\">Expedici\u00f3n de Servicios Prestados (abre en ventana externa)<\/a> y no requieren tasa.<\/p>\n<p style=\"text-align: justify\">Primero tendr\u00e1 la opci\u00f3n de revisarlo en modo borrador y si est\u00e1 correcto, deber\u00e1 darle a continuar para obtener el definitivo.<\/p>\n<p style=\"text-align: justify\">En el caso de personal de la UMH, tambi\u00e9n es posible acceder desde su <strong>acceso identificado<\/strong>\/Informaci\u00f3n laboral\/Certificado de Servicios Prestados.<\/p>\n<p style=\"text-align: justify\">El certificado de servicios prestados se obtiene al momento y est\u00e1 <strong>firmado electr\u00f3nicamente<\/strong>.<\/p>\n<ul>\n<li>\n<h3><strong>Certificado de Cargos Acad\u00e9micos:<\/strong><\/h3>\n<\/li>\n<\/ul>\n<p>En el caso de necesitar un certificado de cargos acad\u00e9micos<span style=\"text-align: justify\"> espec\u00edfico en procesos de acreditaci\u00f3n de profesorado para la ANECA, deber\u00e1 solicitarlo escribiendo un correo electr\u00f3nico a la direcci\u00f3n de email: <\/span><a style=\"text-align: justify\" href=\"mailto:servicio.pdi@umh.es\" target=\"_blank\" rel=\"noopener noreferrer\">servicio.pdi@umh.es<\/a><span style=\"text-align: justify\">.<\/span><\/p>\n<p style=\"text-align: justify\">Tal y como marca la &#8220;Instrucci\u00f3n Normas Ejecuci\u00f3n y Funcionamiento Presupuesto&#8221;, para la emisi\u00f3n de Certificados deber\u00e1n ser abonadas unas tasas de tramitaci\u00f3n, \u00e9stas podr\u00e1n hacerse efectivas en la web <a href=\"http:\/\/www.umh.es\/recibos\" target=\"_blank\" rel=\"noopener noreferrer\">pago de recibos<\/a> seleccionando el concepto de &#8220;tasas por servicios de gesti\u00f3n general&#8221;, con detalle de la tasa espec\u00edfica, que en su caso es &#8220;Certificado de Cargos Acad\u00e9micos ANECA&#8221;. Una vez efectuado el abono nos deber\u00e1 remitir el comprobante del recibo abonado \u00a0a la direcci\u00f3n de correo electr\u00f3nico\u00a0<a href=\"mailto:servicio.pdi@umh.es\" target=\"_blank\" rel=\"noopener noreferrer\">servicio.pdi@umh.es<\/a>.<\/p>\n<ul>\n<li>\n<h3><strong>Certificado de Servicios Previos (Anexo I<\/strong>):<\/h3>\n<\/li>\n<\/ul>\n<p style=\"text-align: justify\">Los certificados de servicios previos (Anexo I) se solicitar\u00e1n escribiendo un correo electr\u00f3nico a la direcci\u00f3n de email <a href=\"mailto:servicio.pdi@umh.es\" target=\"_blank\" rel=\"noopener noreferrer\">servicio.pdi@umh.es<\/a><\/p>\n<p style=\"text-align: justify\">Tal y como marca la &#8220;Instrucci\u00f3n Normas Ejecuci\u00f3n y Funcionamiento Presupuesto&#8221;, para la emisi\u00f3n de Certificados deber\u00e1n ser abonadas unas tasas de tramitaci\u00f3n, \u00e9stas podr\u00e1n hacerse efectivas en la web <a href=\"http:\/\/www.umh.es\/recibos\" target=\"_blank\" rel=\"noopener noreferrer\">pago de recibos<\/a> seleccionando el concepto de &#8220;tasas por servicios de gesti\u00f3n general&#8221;, con detalle de la tasa espec\u00edfica, que en su caso es &#8220;Certificado de Servicios Previos&#8221;. Una vez efectuado el abono nos deber\u00e1 remitir el comprobante del recibo abonado a la direcci\u00f3n de correo electr\u00f3nico <a href=\"mailto:servicio.pdi@umh.es\" target=\"_blank\" rel=\"noopener noreferrer\">servicio.pdi@umh.es<\/a>.<\/p>\n<ul>\n<li>\n<h3><strong>Certificado de Domicilio Laboral y Horario de Trabajo:<\/strong><\/h3>\n<\/li>\n<\/ul>\n<p style=\"text-align: justify\">Los certificados de domicilio laboral y horario de trabajo se solicitar\u00e1n escribiendo un correo electr\u00f3nico a la direcci\u00f3n de email <a href=\"mailto:servicio.pdi@umh.es\" target=\"_blank\" rel=\"noopener noreferrer\">servicio.pdi@umh.es<\/a><\/p>\n<p style=\"text-align: justify\">Tal y como marca la &#8220;Instrucci\u00f3n Normas Ejecuci\u00f3n y Funcionamiento Presupuesto&#8221;, para la emisi\u00f3n de Certificados deber\u00e1n ser abonadas unas tasas de tramitaci\u00f3n, \u00e9stas podr\u00e1n hacerse efectivas en la web <a href=\"http:\/\/www.umh.es\/recibos\" target=\"_blank\" rel=\"noopener noreferrer\">pago de recibos<\/a> seleccionando el concepto de &#8220;tasas por servicios de gesti\u00f3n general&#8221;, con detalle de la tasa espec\u00edfica, que en su caso es &#8220;Certificado de Domicilio Laboral y Horario de Trabajo&#8221;. Una vez efectuado el abono nos deber\u00e1 remitir el comprobante del recibo abonado a la direcci\u00f3n de correo electr\u00f3nico <a href=\"mailto:servicio.pdi@umh.es\" target=\"_blank\" rel=\"noopener noreferrer\">servicio.pdi@umh.es<\/a>.<\/p>\n<ul>\n<li>\n<h3><strong>Certificado de Docencia:<\/strong><\/h3>\n<\/li>\n<\/ul>\n<p style=\"text-align: justify\">Los certificados de docencia ser\u00e1n emitidos por la <strong>Secretar\u00eda General de la UMH<\/strong>.<\/p>\n<p style=\"text-align: justify\">Los interesados remitir\u00e1n su email de solicitud a la direcci\u00f3n: <a href=\"mailto:secr.secretaria.gral@umh.es\" target=\"_blank\" rel=\"noopener noreferrer\">secr.secretaria.gral@umh.es<\/a> y abonar\u00e1n las correspondientes tasas en la web <a href=\"http:\/\/www.umh.es\/recibos\" target=\"_blank\" rel=\"noopener noreferrer\">pago de recibos<\/a> seleccionando el concepto de &#8220;tasas por servicios de gesti\u00f3n general&#8221;, con detalle de la tasa espec\u00edfica, que en su caso es &#8220;Certificados de Docencia UMH&#8221;.<\/p>\n<p><\/p>","protected":false},"excerpt":{"rendered":"<p>Certificado de Servicios Prestados:<\/p>\n<p>Los certificados de Servicios Prestados pueden obtenerse, con certificado digital, a trav\u00e9s de la sede electr\u00f3nica en Expedici\u00f3n de Servicios Prestados (abre en ventana externa) y no requieren tasa.<br \/>\nPrimero tendr\u00e1 la opci\u00f3n de revisarlo en modo borrador y si est\u00e1 correcto, deber\u00e1 darle a continuar para obtener el definitivo.<br \/>\nEn el caso de [&#8230;]<\/p>\n","protected":false},"author":3581,"featured_media":0,"parent":37,"menu_order":53,"comment_status":"closed","ping_status":"closed","template":"","meta":{"_links_to":"","_links_to_target":""},"_links":{"self":[{"href":"https:\/\/servicioprofesorado.umh.es\/en\/wp-json\/wp\/v2\/pages\/9169"}],"collection":[{"href":"https:\/\/servicioprofesorado.umh.es\/en\/wp-json\/wp\/v2\/pages"}],"about":[{"href":"https:\/\/servicioprofesorado.umh.es\/en\/wp-json\/wp\/v2\/types\/page"}],"author":[{"embeddable":true,"href":"https:\/\/servicioprofesorado.umh.es\/en\/wp-json\/wp\/v2\/users\/3581"}],"replies":[{"embeddable":true,"href":"https:\/\/servicioprofesorado.umh.es\/en\/wp-json\/wp\/v2\/comments?post=9169"}],"version-history":[{"count":0,"href":"https:\/\/servicioprofesorado.umh.es\/en\/wp-json\/wp\/v2\/pages\/9169\/revisions"}],"up":[{"embeddable":true,"href":"https:\/\/servicioprofesorado.umh.es\/en\/wp-json\/wp\/v2\/pages\/37"}],"wp:attachment":[{"href":"https:\/\/servicioprofesorado.umh.es\/en\/wp-json\/wp\/v2\/media?parent=9169"}],"curies":[{"name":"wp","href":"https:\/\/api.w.org\/{rel}","templated":true}]}}