{"id":90,"date":"2014-06-24T09:44:56","date_gmt":"2014-06-24T09:44:56","guid":{"rendered":"http:\/\/serviciopdi.umh.es\/?page_id=90"},"modified":"2025-11-17T11:40:52","modified_gmt":"2025-11-17T10:40:52","slug":"nomina-y-seguridad-social","status":"publish","type":"page","link":"https:\/\/servicioprofesorado.umh.es\/en\/nomina-y-seguridad-social\/","title":{"rendered":"Payroll and Social Security"},"content":{"rendered":"<p><span class=\"Y2IQFc\" lang=\"en\">Page enabled to provide information regarding the <\/span><span class=\"Y2IQFc\" lang=\"en\">personnel of the Miguel Hern\u00e1ndez University of Elche regarding<\/span>:<\/p>\n<ul>\n<li><a style=\"font-family: Georgia, 'Times New Roman', 'Bitstream Charter', Times, serif\" href=\"https:\/\/serviciopdi.umh.es\/nomina-y-seguridad-social\/retribuciones\/\">Retribuciones del personal<\/a><\/li>\n<li><a href=\"https:\/\/serviciopdi.umh.es\/nomina-y-seguridad-social\/seguridad-social\/\">Afiliaci\u00f3n y Cotizaciones al R\u00e9gimen general de la \u00a0Seguridad Social.<\/a><\/li>\n<li><a href=\"https:\/\/serviciopdi.umh.es\/nomina-y-seguridad-social\/regimen-especial-y-clases-pasivas-muface\/\">Afiliaci\u00f3n y Cotizaciones al R\u00e9gimen Especial de Clases Pasivas y Mutualidad Funcionarios Civiles del Estado (MUFACE)<\/a><\/li>\n<li><a href=\"https:\/\/serviciopdi.umh.es\/nomina-y-seguridad-social\/seguridad-social\/incapacidad-laboral\/\">Gesti\u00f3n de Incapacidades Temporales<\/a>,<\/li>\n<li><a href=\"https:\/\/serviciopdi.umh.es\/nomina-y-seguridad-social\/seguridad-social\/maternidad-adopcion-o-acogimiento\/\">Maternidades, Adopci\u00f3n o Acogimiento<\/a><\/li>\n<li><a href=\"https:\/\/serviciopdi.umh.es\/nomina-y-seguridad-social\/seguridad-social\/paternidad\/\">Paternidades<\/a> referidas al personal de la UMH<\/li>\n<li>Certificados de empresa (solicitud al buz\u00f3n: <a href=\"mailto:seg.social@umh.es\">seg.social@umh.es<\/a>)<\/li>\n<li>Solicitudes con implicaci\u00f3n en las retribuciones (<a href=\"mailto:nomina@umh.es\">nomina@umh.es<\/a>) o el r\u00e9gimen de seguridad social del empleado (<a href=\"mailto:seg.social@umh.es\">seg.social@umh.es<\/a>)<\/li>\n<\/ul>\n<hr \/>\n<p><strong>TR\u00c1MITES CON IMPLICACI\u00d3N EN LAS RETRIBUCIONES: (enviar solicitudes a la direcci\u00f3n:<a href=\"mailto:nomina@umh.es\"> nomina@umh.es<\/a>)<\/strong><\/p>\n<ul>\n<li><strong>Cambio de domiciliaci\u00f3n bancaria :\u00a0<\/strong>Para cambiar la domiciliaci\u00f3n bancaria de su n\u00f3mina, debe cumplimentar y firmar electr\u00f3nicamente el documento <a href=\"https:\/\/serviciopdi.umh.es\/files\/2019\/02\/9-Impreso-de-domiciliaci\u00f3n-bancaria-con-IBAN.pdf\">&#8220;Impreso domiciliaci\u00f3n bancaria&#8221;<\/a> .<\/li>\n<\/ul>\n<ul>\n<li><strong>Cambio de datos fiscales y c\u00e1lculo IRPF:<\/strong> Para comunicar los datos personales referentes a la informaci\u00f3n fiscal y c\u00e1lculo del tipo de retenci\u00f3n en la n\u00f3mina mensual, se debe cumplimentar y firmar electr\u00f3nicamente el <a href=\"https:\/\/www.agenciatributaria.es\/static_files\/Sede\/Procedimiento_ayuda\/G603\/mod145_es_es.pdf\">&#8220;Modelo 145&#8221;<\/a> .<\/li>\n<\/ul>\n<ul>\n<li><strong>Cambio tipo de retenci\u00f3n<\/strong>: Para solicitar un tipo de retenci\u00f3n superior al legalmente establecido, se debe cumplimentar y firmar electr\u00f3nicamente la <a href=\"https:\/\/serviciopdi.umh.es\/files\/2018\/10\/Solicitud-de-Tipo-de-Retencion.pdf\">Solicitud de tipo de Retenci\u00f3n<\/a>.<\/li>\n<\/ul>\n<ul>\n<li><strong>Plan de pensiones: (los documentos deben ir cumplimentados y firmados electr\u00f3nicamente)<\/strong><\/li>\n<\/ul>\n<ul>\n<li style=\"list-style-type: none\">\n<ul>\n<li><a href=\"https:\/\/serviciopdi.umh.es\/files\/2020\/04\/BOLET\u00cdN-DE-ADHESI\u00d3N.pdf\">Bolet\u00edn de Adhesi\u00f3n<\/a>: Bolet\u00edn de adhesi\u00f3n al Plan de Pensiones.<\/li>\n<li><a href=\"https:\/\/serviciopdi.umh.es\/files\/2020\/04\/Reactivaci\u00f3n-Plan-Pensiones.docx\">Reactivaci\u00f3n Plan Pensiones<\/a><\/li>\n<li><a href=\"https:\/\/serviciopdi.umh.es\/files\/2020\/04\/Suspensi\u00f3n-Plan-Pensiones-.docx\">Suspensi\u00f3n Plan Pensiones<\/a><\/li>\n<li><a href=\"https:\/\/serviciopdi.umh.es\/files\/2020\/04\/Aumento-aportaci\u00f3n-voluntaria-al-Plan-de-Pensiones.docx\">Aumento aportaci\u00f3n voluntaria al Plan de Pensiones<\/a><\/li>\n<\/ul>\n<\/li>\n<\/ul>\n<p><\/p>","protected":false},"excerpt":{"rendered":"<p>Page enabled to provide information regarding the personnel of the Miguel Hern\u00e1ndez University of Elche regarding:<\/p>\n<p>Retribuciones del personal<br \/>\nAfiliaci\u00f3n y Cotizaciones al R\u00e9gimen general de la \u00a0Seguridad Social.<br \/>\nAfiliaci\u00f3n y Cotizaciones al R\u00e9gimen Especial de Clases Pasivas y Mutualidad Funcionarios Civiles del Estado (MUFACE)<br \/>\nGesti\u00f3n de Incapacidades Temporales,<br \/>\nMaternidades, Adopci\u00f3n o Acogimiento<br \/>\nPaternidades referidas al personal de la UMH<br \/>\nCertificados de [&#8230;]<\/p>\n","protected":false},"author":365,"featured_media":0,"parent":0,"menu_order":40,"comment_status":"closed","ping_status":"open","template":"","meta":{"_links_to":"","_links_to_target":""},"_links":{"self":[{"href":"https:\/\/servicioprofesorado.umh.es\/en\/wp-json\/wp\/v2\/pages\/90"}],"collection":[{"href":"https:\/\/servicioprofesorado.umh.es\/en\/wp-json\/wp\/v2\/pages"}],"about":[{"href":"https:\/\/servicioprofesorado.umh.es\/en\/wp-json\/wp\/v2\/types\/page"}],"author":[{"embeddable":true,"href":"https:\/\/servicioprofesorado.umh.es\/en\/wp-json\/wp\/v2\/users\/365"}],"replies":[{"embeddable":true,"href":"https:\/\/servicioprofesorado.umh.es\/en\/wp-json\/wp\/v2\/comments?post=90"}],"version-history":[{"count":0,"href":"https:\/\/servicioprofesorado.umh.es\/en\/wp-json\/wp\/v2\/pages\/90\/revisions"}],"wp:attachment":[{"href":"https:\/\/servicioprofesorado.umh.es\/en\/wp-json\/wp\/v2\/media?parent=90"}],"curies":[{"name":"wp","href":"https:\/\/api.w.org\/{rel}","templated":true}]}}