{"id":35,"date":"2014-03-24T08:54:47","date_gmt":"2014-03-24T07:54:47","guid":{"rendered":"http:\/\/serviciopdi.umh.es\/?page_id=35"},"modified":"2025-04-10T14:40:38","modified_gmt":"2025-04-10T12:40:38","slug":"meritos-autonomicos","status":"publish","type":"page","link":"https:\/\/servicioprofesorado.umh.es\/en\/informacion-y-servicios-al-profesorado\/meritos-autonomicos\/","title":{"rendered":"Autonomic Merits"},"content":{"rendered":"<p><\/p>\n<p style=\"text-align: justify\">La Ley 6\/2001, de 21 de diciembre, de Universidades, habilita a las comunidades aut\u00f3nomas, en el \u00e1mbito de sus competencias, la posibilidad de establecer retribuciones adicionales ligadas a m\u00e9ritos de docencia, investigaci\u00f3n y de gesti\u00f3n para el profesorado universitario.<\/p>\n<p style=\"text-align: justify\">La Generalitat Valenciana, haciendo uso de la habilitaci\u00f3n legal reconocida, regul\u00f3\u00a0mediante el Decreto 174\/2002, de 15 de octubre, las retribuciones adicionales del profesorado universitario. La propuesta de asignaci\u00f3n de los diferentes componentes ser\u00e1\u00a0efectuada, de forma singular e individual, por el Consejo de Gobierno, y remitida a la <a href=\"http:\/\/www.avap.es\/es\" target=\"_blank\" rel=\"noopener noreferrer\">Agencia Valenciana d&#8217;Avaluaci\u00f3 i Prospectiva (AVAP)<\/a> para su evaluaci\u00f3n. Finalmente, vista la propuesta del Consejo de Gobierno y siempre y cuando la evaluacion de la AVAP haya sido favorable, \u00a0el Consejo Social acordar\u00e1 la asignaci\u00f3n de retribuciones adicionales para el personal docente e investigador, fijando su cuant\u00eda y la periodicidad de su abono.<\/p>\n<p style=\"text-align: justify\">Anualmente se publica en el <a href=\"http:\/\/universite.umh.es\/boumh\/\">BOUMH<\/a> la resoluci\u00f3n\u00a0 de la UMH por la que se convoca a los profesores funcionarios de carrera de los cuerpos docentes universitarios, para la asignaci\u00f3n de retribuciones adicionales, en funci\u00f3n de los m\u00e9ritos acreditados a fecha de 31 de diciembre del a\u00f1o inmediatamente anterior a la convocatoria.<\/p>\n<p style=\"text-align: justify\">La solicitud se ajustar\u00e1 al modelo establecido por la UMH y que se encuentra disponible en la p\u00e1gina web de la universidad\u00a0siguiendo el itinerario <a href=\"http:\/\/www.umh.es\/identificado\/logon.asp?perfil=PDI\">Acceso personalizado &#8211; PDI &#8211; Acceso identificado &#8211; Gesti\u00f3n de retribuciones adicionales. <\/a><\/p>\n<p style=\"text-align: justify\">En la direcci\u00f3n web referida, se encuentra adem\u00e1s los documentos <em>&#8220;<strong>Informaci\u00f3n general sobre retribuciones adicionales&#8221; <\/strong>y <\/em>la <em>&#8220;<strong>Hoja de m\u00e9ritos y servicios para retribuciones adicionales&#8221;<\/strong><\/em>, que facilitan la cumplimentaci\u00f3n de la solicitud.<\/p>\n<p style=\"text-align: justify\">La cantidades finalmente asignadas se actualizar\u00e1n anualmente de acuerdo con se actualizar\u00e1 cada a\u00f1o de acuerdo con las previsiones contempladas en los Presupuestos\u00a0Generales del Estado para las retribuciones de los empleados p\u00fablicos.<\/p>\n<p><a href=\"https:\/\/boumh.umh.es\/files\/2021\/03\/RR_00806_2021.pdf\" target=\"_blank\" rel=\"noopener noreferrer\">Convocatoria 2020 para la asignaci\u00f3n de Retribuciones Adicionales<\/a><\/p>","protected":false},"excerpt":{"rendered":"<p>La Ley 6\/2001, de 21 de diciembre, de Universidades, habilita a las comunidades aut\u00f3nomas, en el \u00e1mbito de sus competencias, la posibilidad de establecer retribuciones adicionales ligadas a m\u00e9ritos de docencia, investigaci\u00f3n y de gesti\u00f3n para el profesorado universitario.<br \/>\nLa Generalitat Valenciana, haciendo uso de la habilitaci\u00f3n legal reconocida, regul\u00f3\u00a0mediante el Decreto 174\/2002, de 15 de [&#8230;]<\/p>\n","protected":false},"author":383,"featured_media":0,"parent":30,"menu_order":6,"comment_status":"closed","ping_status":"closed","template":"","meta":{"_links_to":"","_links_to_target":""},"_links":{"self":[{"href":"https:\/\/servicioprofesorado.umh.es\/en\/wp-json\/wp\/v2\/pages\/35"}],"collection":[{"href":"https:\/\/servicioprofesorado.umh.es\/en\/wp-json\/wp\/v2\/pages"}],"about":[{"href":"https:\/\/servicioprofesorado.umh.es\/en\/wp-json\/wp\/v2\/types\/page"}],"author":[{"embeddable":true,"href":"https:\/\/servicioprofesorado.umh.es\/en\/wp-json\/wp\/v2\/users\/383"}],"replies":[{"embeddable":true,"href":"https:\/\/servicioprofesorado.umh.es\/en\/wp-json\/wp\/v2\/comments?post=35"}],"version-history":[{"count":0,"href":"https:\/\/servicioprofesorado.umh.es\/en\/wp-json\/wp\/v2\/pages\/35\/revisions"}],"up":[{"embeddable":true,"href":"https:\/\/servicioprofesorado.umh.es\/en\/wp-json\/wp\/v2\/pages\/30"}],"wp:attachment":[{"href":"https:\/\/servicioprofesorado.umh.es\/en\/wp-json\/wp\/v2\/media?parent=35"}],"curies":[{"name":"wp","href":"https:\/\/api.w.org\/{rel}","templated":true}]}}