{"id":32,"date":"2014-03-24T08:49:38","date_gmt":"2014-03-24T07:49:38","guid":{"rendered":"http:\/\/serviciopdi.umh.es\/?page_id=32"},"modified":"2025-12-10T13:48:13","modified_gmt":"2025-12-10T12:48:13","slug":"meritos-docentes","status":"publish","type":"page","link":"https:\/\/servicioprofesorado.umh.es\/en\/informacion-y-servicios-al-profesorado\/meritos-docentes\/","title":{"rendered":"Teaching Merits"},"content":{"rendered":"<p><\/p>\n<p style=\"text-align: justify\">El Real Decreto 1086\/1989, de 28 de agosto, sobre Retribuciones del profesorado universitario, establece que los funcionarios de carrera de Cuerpos Docentes universitarios que presten servicio en las Universidades en r\u00e9gimen de dedicaci\u00f3n a tiempo completo ser\u00e1n retribuidos por, entre otros,el concepto de complemento espec\u00edfico y el <a href=\"https:\/\/serviciopdi.umh.es\/informacion-y-servicios-al-profesorado\/sexenios\/\">complemento por productividad (sexenios). <\/a>El complemento espec\u00edfico resulta de la suma de distintos componentes entre los que figura el componente por m\u00e9ritos docentes.<\/p>\n<p style=\"text-align: justify\">En este sentido, el profesorado universitario podr\u00e1 someter la actividad docente realizada cada cinco a\u00f1os en r\u00e9gimen de dedicaci\u00f3n a tiempo completo o periodo equivalente si ha prestado servicio en r\u00e9gimen de dedicaci\u00f3n a tiempo parcial, a una evaluaci\u00f3n ante la Universidad en la que preste sus servicios.<\/p>\n<p style=\"text-align: justify\">Superada favorablemente la evaluaci\u00f3n el profesor adquirir\u00e1 y consolidar\u00e1 por cada una de ellas un componente por m\u00e9ritos docentes cuya cuant\u00eda se actualizar\u00e1 cada a\u00f1o de acuerdo con las previsiones contempladas en los Presupuestos\u00a0Generales del Estado.<\/p>\n<p style=\"text-align: justify\">El profesor que cambie de Cuerpo o pase a ocupar otra plaza del mismo Cuerpo conservar\u00e1 en el nuevo Cuerpo o plaza el componente por m\u00e9ritos docentes que tuviese adquirido en\u00a0el anterior\u00a0Cuerpo o plaza, al que se le acumular\u00e1 el que pueda obtener en sucesivas evaluaciones.<\/p>\n<p style=\"text-align: justify\">En ning\u00fan caso la cuant\u00eda anual del componente del complemento espec\u00edfico por m\u00e9ritos docentes podr\u00e1 exceder del resultado de superar favorablemente seis evaluaciones.<\/p>\n<p style=\"text-align: justify\"><strong>Modelo de solicitud<\/strong><\/p>\n<p style=\"text-align: justify\">En los siguientes enlaces se accede\u00a0al modelo de solicitud para la evaluaci\u00f3n de la docencia a efectos de reconocimiento del complemento espec\u00edfico por m\u00e9ritos docentes.<\/p>\n<ul>\n<li><a href=\"https:\/\/serviciopdi.umh.es\/files\/2020\/11\/Modelo-solicitud-m\u00e9ritos-docentes-funcionarios-1.pdf\">Modelo solicitud evaluaci\u00f3n M\u00e9ritos Docentes (PDF)<\/a><\/li>\n<li style=\"text-align: justify\"><a href=\"https:\/\/serviciopdi.umh.es\/files\/2020\/11\/Modelo-solicitud-m\u00e9ritos-docentes-laborales.pdf\">Modelo solicitud evaluaci\u00f3n M\u00e9ritos Docentes Contratados (PDF)<\/a><\/li>\n<\/ul>\n<p><\/p>","protected":false},"excerpt":{"rendered":"<p>El Real Decreto 1086\/1989, de 28 de agosto, sobre Retribuciones del profesorado universitario, establece que los funcionarios de carrera de Cuerpos Docentes universitarios que presten servicio en las Universidades en r\u00e9gimen de dedicaci\u00f3n a tiempo completo ser\u00e1n retribuidos por, entre otros,el concepto de complemento espec\u00edfico y el complemento por productividad (sexenios). El complemento espec\u00edfico resulta [&#8230;]<\/p>\n","protected":false},"author":383,"featured_media":0,"parent":30,"menu_order":3,"comment_status":"closed","ping_status":"closed","template":"","meta":{"_links_to":"","_links_to_target":""},"_links":{"self":[{"href":"https:\/\/servicioprofesorado.umh.es\/en\/wp-json\/wp\/v2\/pages\/32"}],"collection":[{"href":"https:\/\/servicioprofesorado.umh.es\/en\/wp-json\/wp\/v2\/pages"}],"about":[{"href":"https:\/\/servicioprofesorado.umh.es\/en\/wp-json\/wp\/v2\/types\/page"}],"author":[{"embeddable":true,"href":"https:\/\/servicioprofesorado.umh.es\/en\/wp-json\/wp\/v2\/users\/383"}],"replies":[{"embeddable":true,"href":"https:\/\/servicioprofesorado.umh.es\/en\/wp-json\/wp\/v2\/comments?post=32"}],"version-history":[{"count":0,"href":"https:\/\/servicioprofesorado.umh.es\/en\/wp-json\/wp\/v2\/pages\/32\/revisions"}],"up":[{"embeddable":true,"href":"https:\/\/servicioprofesorado.umh.es\/en\/wp-json\/wp\/v2\/pages\/30"}],"wp:attachment":[{"href":"https:\/\/servicioprofesorado.umh.es\/en\/wp-json\/wp\/v2\/media?parent=32"}],"curies":[{"name":"wp","href":"https:\/\/api.w.org\/{rel}","templated":true}]}}