{"id":87,"date":"2014-06-24T09:30:49","date_gmt":"2014-06-24T09:30:49","guid":{"rendered":"http:\/\/serviciopdi.umh.es\/?page_id=87"},"modified":"2024-08-06T09:48:58","modified_gmt":"2024-08-06T07:48:58","slug":"concursos-acceso","status":"publish","type":"page","link":"https:\/\/servicioprofesorado.umh.es\/ca\/concursos-acceso\/","title":{"rendered":"Acc\u00e9s PDI"},"content":{"rendered":"<p><a href=\"https:\/\/serviciopdi.umh.es\/files\/2014\/06\/ley-organica-4-2007-de-modificacion-de-la-lou.pdf\" target=\"_blank\" rel=\"noopener noreferrer\">La Llei Org\u00e0nica 4\/2007, de 12 d&#8217;abril,<\/a> per la qual es modifica la \u00a0<a href=\"https:\/\/serviciopdi.umh.es\/files\/2014\/06\/ley-organica-6_2001-de-universidades-modificada1.pdf\" target=\"_blank\" rel=\"noopener noreferrer\">Llei Org\u00e0nica 6\/2001, de 21 de decembre<\/a> d&#8217;Universitats, en el seu T\u00edtol IX del professorat cita que el personal docent i investigador de les universitats p\u00fabliques estar\u00e0 compost de funcionaris dels cossos docents universitaris i de personal contractat.<\/p>\n<p>La selecci\u00f3 de professorat universitari de la UMH es realitza mitjan\u00e7ant les corresponents convocat\u00f2ries p\u00fabliques. Els detalls dels concursos aix\u00ed com les pr\u00f2pies convocat\u00f2ries podran consultar-se en els seg\u00fcents enlla\u00e7os d&#8217;aquest Bloc.<\/p>\n<p>Convocat\u00f2ries PDI:<\/p>\n<ul>\n<li>\n<div><a href=\"https:\/\/serviciopdi.umh.es\/concursos-acceso\/funcionarios\/\">PDI Funcionari<\/a><\/div>\n<\/li>\n<li>\n<div><a href=\"https:\/\/serviciopdi.umh.es\/concursos-acceso\/pdi-contratado\/\">PDI Contractat<\/a><\/div>\n<\/li>\n<\/ul>\n<p><\/p>","protected":false},"excerpt":{"rendered":"<p>La Llei Org\u00e0nica 4\/2007, de 12 d&#8217;abril, per la qual es modifica la \u00a0Llei Org\u00e0nica 6\/2001, de 21 de decembre d&#8217;Universitats, en el seu T\u00edtol IX del professorat cita que el personal docent i investigador de les universitats p\u00fabliques estar\u00e0 compost de funcionaris dels cossos docents universitaris i de personal contractat.<br \/>\nLa selecci\u00f3 de professorat universitari [&#8230;]<\/p>\n","protected":false},"author":365,"featured_media":0,"parent":0,"menu_order":20,"comment_status":"closed","ping_status":"open","template":"","meta":{"_links_to":"","_links_to_target":""},"_links":{"self":[{"href":"https:\/\/servicioprofesorado.umh.es\/ca\/wp-json\/wp\/v2\/pages\/87"}],"collection":[{"href":"https:\/\/servicioprofesorado.umh.es\/ca\/wp-json\/wp\/v2\/pages"}],"about":[{"href":"https:\/\/servicioprofesorado.umh.es\/ca\/wp-json\/wp\/v2\/types\/page"}],"author":[{"embeddable":true,"href":"https:\/\/servicioprofesorado.umh.es\/ca\/wp-json\/wp\/v2\/users\/365"}],"replies":[{"embeddable":true,"href":"https:\/\/servicioprofesorado.umh.es\/ca\/wp-json\/wp\/v2\/comments?post=87"}],"version-history":[{"count":0,"href":"https:\/\/servicioprofesorado.umh.es\/ca\/wp-json\/wp\/v2\/pages\/87\/revisions"}],"wp:attachment":[{"href":"https:\/\/servicioprofesorado.umh.es\/ca\/wp-json\/wp\/v2\/media?parent=87"}],"curies":[{"name":"wp","href":"https:\/\/api.w.org\/{rel}","templated":true}]}}