{"id":45,"date":"2014-03-26T15:42:44","date_gmt":"2014-03-26T15:42:44","guid":{"rendered":"http:\/\/serviciopdi.umh.es\/?page_id=45"},"modified":"2022-01-18T15:12:13","modified_gmt":"2022-01-18T14:12:13","slug":"buzon-de-sugerencias","status":"publish","type":"page","link":"https:\/\/servicioprofesorado.umh.es\/ca\/presentacion\/buzon-de-sugerencias\/","title":{"rendered":"B\u00fastia de Suggeriments"},"content":{"rendered":"<p><\/p>\n<p id=\"tw-target-text\" class=\"tw-data-text tw-text-large XcVN5d tw-ta\" dir=\"ltr\" data-placeholder=\"Traducci\u00f3n\"><span class=\"Y2IQFc\" lang=\"ca\">Aquesta \u00e9s la p\u00e0gina habilitada perqu\u00e8 pugui fer arribar els seus suggeriments a el Servei de Personal Docent i Investigador i de la gesti\u00f3 econ\u00f2mica de RR.HH.<\/span><\/p>\n<p class=\"tw-data-text tw-text-large XcVN5d tw-ta\" dir=\"ltr\" data-placeholder=\"Traducci\u00f3n\"><span class=\"Y2IQFc\" lang=\"ca\"> Un cop omplert el seg\u00fcent formulari premi a Enviar per fer arribar el suggeriment al nostre Servei. <\/span><\/p>\n<p class=\"tw-data-text tw-text-large XcVN5d tw-ta\" dir=\"ltr\" data-placeholder=\"Traducci\u00f3n\"><span class=\"Y2IQFc\" lang=\"ca\">Gr\u00e0cies per la seva col\u00b7laboraci\u00f3.<\/span><\/p>\n<div role=\"form\" class=\"wpcf7\" id=\"wpcf7-f6059-o2\" lang=\"es-ES\" dir=\"ltr\">\n<div class=\"screen-reader-response\"><p role=\"status\" aria-live=\"polite\" aria-atomic=\"true\"><\/p> <ul><\/ul><\/div>\n<form action=\"\/ca\/wp-json\/wp\/v2\/pages\/45#wpcf7-f6059-o2\" method=\"post\" class=\"wpcf7-form init\" novalidate=\"novalidate\" data-status=\"init\">\n<div style=\"display: none;\">\n<input type=\"hidden\" name=\"_wpcf7\" value=\"6059\" \/>\n<input type=\"hidden\" name=\"_wpcf7_version\" value=\"5.5.2\" \/>\n<input type=\"hidden\" name=\"_wpcf7_locale\" value=\"es_ES\" \/>\n<input type=\"hidden\" name=\"_wpcf7_unit_tag\" value=\"wpcf7-f6059-o2\" \/>\n<input type=\"hidden\" name=\"_wpcf7_container_post\" value=\"0\" \/>\n<input type=\"hidden\" name=\"_wpcf7_posted_data_hash\" value=\"\" \/>\n<input type=\"hidden\" name=\"_wpcf7_recaptcha_response\" value=\"\" \/>\n<\/div>\n<table>\n<tr>\n<th colspan=\"2\">Formulario Buz\u00f3n de Sugerencias:<\/th>\n<\/tr>\n<tr>\n<th colspan=\"2\">(*) Campos requeridos<\/th>\n<\/tr>\n<tr>\n<td>Nombre (*):<\/td>\n<td>\n  <span class=\"wpcf7-form-control-wrap nombre\"><input type=\"text\" name=\"nombre\" value=\"\" size=\"40\" class=\"wpcf7-form-control wpcf7-text\" aria-invalid=\"false\" \/><\/span> <\/td>\n<\/tr>\n<tr>\n<td>E-mail (*):<\/td>\n<td>\n  <span class=\"wpcf7-form-control-wrap correo\"><input type=\"email\" name=\"correo\" value=\"\" size=\"40\" class=\"wpcf7-form-control wpcf7-text wpcf7-email wpcf7-validates-as-required wpcf7-validates-as-email\" aria-required=\"true\" aria-invalid=\"false\" \/><\/span> <\/td>\n<\/tr>\n<tr>\n<td colspan=\"2\">&nbsp;<\/td>\n<\/tr>\n<tr>\n<td>Mensaje (*):<\/td>\n<td>\n  <span class=\"wpcf7-form-control-wrap mensaje\"><textarea name=\"mensaje\" cols=\"40\" rows=\"10\" class=\"wpcf7-form-control wpcf7-textarea wpcf7-validates-as-required\" aria-required=\"true\" aria-invalid=\"false\"><\/textarea><\/span> <\/td>\n<\/tr>\n<tr colspan=\"2\">\n<td  colspan=\"2\">\n<span class=\"wpcf7-form-control-wrap recaptcha\" data-name=\"recaptcha\"><span data-sitekey=\"6LdoYCckAAAAAPgmKlpU5rIrxI6dbPh9xkctj6p2\" class=\"wpcf7-form-control g-recaptcha wpcf7-recaptcha\"><\/span>\r\n<noscript>\r\n\t<div class=\"grecaptcha-noscript\">\r\n\t\t<iframe src=\"https:\/\/www.google.com\/recaptcha\/api\/fallback?k=6LdoYCckAAAAAPgmKlpU5rIrxI6dbPh9xkctj6p2\" frameborder=\"0\" scrolling=\"no\" width=\"310\" height=\"430\">\r\n\t\t<\/iframe>\r\n\t\t<textarea name=\"g-recaptcha-response\" rows=\"3\" cols=\"40\" placeholder=\"reCaptcha Response Here\">\r\n\t\t<\/textarea>\r\n\t<\/div>\r\n<\/noscript>\r\n<\/span>\n<\/td>\n<\/tr>\n<tr>\n<td colspan=\"2\"><input type=\"submit\" value=\"Enviar\" class=\"wpcf7-form-control has-spinner wpcf7-submit\" \/><\/td>\n<\/tr>\n<\/table>\n<div class=\"wpcf7-response-output\" aria-hidden=\"true\"><\/div><\/form><\/div>\n<p>Amb l&#8217;enviament d&#8217;aquest correu est\u00e0 acceptant la <a href=\"https:\/\/www.umh.es\/contenido\/Universidad\/:ProteccionDatos\/datos_es.html\" target=\"_blank\" rel=\"noopener noreferrer\">pol\u00edtica de protecci\u00f3 de dades de la UMH (s&#8217;obri en una nova finestra)<\/a>.<\/p>","protected":false},"excerpt":{"rendered":"<p>Aquesta \u00e9s la p\u00e0gina habilitada perqu\u00e8 pugui fer arribar els seus suggeriments a el Servei de Personal Docent i Investigador i de la gesti\u00f3 econ\u00f2mica de RR.HH.<br \/>\n Un cop omplert el seg\u00fcent formulari premi a Enviar per fer arribar el suggeriment al nostre Servei.<br \/>\nGr\u00e0cies per la seva col\u00b7laboraci\u00f3.<\/p>\n<p>Formulario Buz\u00f3n de Sugerencias:<\/p>\n<p>(*) Campos requeridos<\/p>\n<p>Nombre [&#8230;]<\/p>\n","protected":false},"author":383,"featured_media":0,"parent":4,"menu_order":80,"comment_status":"closed","ping_status":"open","template":"","meta":{"_links_to":"","_links_to_target":""},"_links":{"self":[{"href":"https:\/\/servicioprofesorado.umh.es\/ca\/wp-json\/wp\/v2\/pages\/45"}],"collection":[{"href":"https:\/\/servicioprofesorado.umh.es\/ca\/wp-json\/wp\/v2\/pages"}],"about":[{"href":"https:\/\/servicioprofesorado.umh.es\/ca\/wp-json\/wp\/v2\/types\/page"}],"author":[{"embeddable":true,"href":"https:\/\/servicioprofesorado.umh.es\/ca\/wp-json\/wp\/v2\/users\/383"}],"replies":[{"embeddable":true,"href":"https:\/\/servicioprofesorado.umh.es\/ca\/wp-json\/wp\/v2\/comments?post=45"}],"version-history":[{"count":0,"href":"https:\/\/servicioprofesorado.umh.es\/ca\/wp-json\/wp\/v2\/pages\/45\/revisions"}],"up":[{"embeddable":true,"href":"https:\/\/servicioprofesorado.umh.es\/ca\/wp-json\/wp\/v2\/pages\/4"}],"wp:attachment":[{"href":"https:\/\/servicioprofesorado.umh.es\/ca\/wp-json\/wp\/v2\/media?parent=45"}],"curies":[{"name":"wp","href":"https:\/\/api.w.org\/{rel}","templated":true}]}}