{"id":4,"date":"2014-10-29T07:57:00","date_gmt":"2014-10-29T07:57:00","guid":{"rendered":"http:\/\/serviciopdi.zeus.umh.es\/presentacion\/"},"modified":"2026-01-29T13:52:33","modified_gmt":"2026-01-29T12:52:33","slug":"presentacion","status":"publish","type":"page","link":"https:\/\/servicioprofesorado.umh.es\/ca\/presentacion\/","title":{"rendered":"El Servei"},"content":{"rendered":"<p>La missi\u00f3 de Servei de Personal Docent i Investigador i Gesti\u00f3 Econ\u00f2mica dels Recursos Humans, \u00e9s ser l&#8217;encarregat de, seguint les directrius del <a href=\"https:\/\/www.umh.es\/contenido\/Universidad\/:persona_132495\/datos_es.html\" target=\"_blank\" rel=\"noopener noreferrer\">Vicerector de Professorat<\/a>, planificar i executar els processos de selecci\u00f3 i provisi\u00f3 de llocs de treball de personal docent i investigador, gestionant el nomenament i contractaci\u00f3 d&#8217;aquest personal, aix\u00ed com totes les incid\u00e8ncies que afecten la vida administrativa o laboral de la mateixa.<\/p>\n<p>Aix\u00ed mateix, el nostre servei gestiona el procediment de confecci\u00f3 i abonament de les n\u00f2mines i les liquidacions corresponents de quotes socials, Classes passives i MUFACE, de tot el personal que presta els seus serveis en aquesta Universitat.<\/p>\n<p><a href=\"https:\/\/serviciopdi.umh.es\/nomina-y-seguridad-social\/\" target=\"_blank\" rel=\"noopener noreferrer\">Accedeix a la Secci\u00f3 de N\u00f2mina i Seguretat Social<\/a>.<\/p>\n<p>Tot aix\u00f2 a fi de garantir l&#8217;adequaci\u00f3 de l&#8217;personal als objectius de la Universitat seguint les l\u00ednies marcades en el seu Pla Estrat\u00e8gic i la nostra <a href=\"http:\/\/cartadeservicios.umh.es\/cartas_servicio\/UPDI\/index.html\" target=\"_blank\" rel=\"noopener noreferrer\">Carta de Serveis<\/a>.<\/p>\n<p>Farem tot el possible perqu\u00e8 els continguts siguin din\u00e0mics i estiguin en permanent actualitzaci\u00f3 per adaptar-nos a les seves necessitats. Per aix\u00f2, ens sentirem molt satisfets amb les seves consultes i propostes de millora, i agrairem que ens facin arribar qualsevol suggeriment d&#8217;actuaci\u00f3 al nostre <a href=\"https:\/\/listas.umh.es\/sympa\/subscribe\/boletin.pdi\" target=\"_blank\" rel=\"noopener noreferrer\">B\u00fastia de Suggeriments<\/a>.<\/p>\n<p>Volem advertir-li que la informaci\u00f3 que apareix a les p\u00e0gines d&#8217;aquest servei nom\u00e9s t\u00e9 validesa a efectes divulgatius.<\/p>\n<p>Si vol estar informat de totes les novetats que publiquem, nom\u00e9s ha de subscriure al nostre <a href=\"https:\/\/listas.umh.es\/sympa\/subscribe\/boletin.pdi\">Butllet\u00ed de Not\u00edcies<\/a>. (\u00c9s imprescindible que confirmi la subscripci\u00f3 a trav\u00e9s de l&#8217;email que li enviarem a la b\u00fastia de correu).<\/p>\n<p>Podr\u00e0 trobar la informaci\u00f3 de contacte de les persones que integrem aquest servei al nostre <a href=\"https:\/\/serviciopdi.umh.es\/presentacion\/directorio-e-informacion-de-contacto\/\">Directori<\/a>.<\/p>\n<p>Ens trobem ubicats al primer pis de l&#8217;Edifici de Rectorat i de el Consell Social, situat en Avda. De la Universitat d&#8217;Elx, S \/ N, on estarem encantats d&#8217;atendre&#8217;l.<\/p>","protected":false},"excerpt":{"rendered":"<p>P\u00e1gina de presentaci\u00f3n de la unidad organizativa<\/p>\n","protected":false},"author":1,"featured_media":0,"parent":0,"menu_order":10,"comment_status":"closed","ping_status":"open","template":"","meta":{"_links_to":"","_links_to_target":""},"_links":{"self":[{"href":"https:\/\/servicioprofesorado.umh.es\/ca\/wp-json\/wp\/v2\/pages\/4"}],"collection":[{"href":"https:\/\/servicioprofesorado.umh.es\/ca\/wp-json\/wp\/v2\/pages"}],"about":[{"href":"https:\/\/servicioprofesorado.umh.es\/ca\/wp-json\/wp\/v2\/types\/page"}],"author":[{"embeddable":true,"href":"https:\/\/servicioprofesorado.umh.es\/ca\/wp-json\/wp\/v2\/users\/1"}],"replies":[{"embeddable":true,"href":"https:\/\/servicioprofesorado.umh.es\/ca\/wp-json\/wp\/v2\/comments?post=4"}],"version-history":[{"count":0,"href":"https:\/\/servicioprofesorado.umh.es\/ca\/wp-json\/wp\/v2\/pages\/4\/revisions"}],"wp:attachment":[{"href":"https:\/\/servicioprofesorado.umh.es\/ca\/wp-json\/wp\/v2\/media?parent=4"}],"curies":[{"name":"wp","href":"https:\/\/api.w.org\/{rel}","templated":true}]}}