{"id":30,"date":"2014-03-24T08:48:34","date_gmt":"2014-03-24T08:48:34","guid":{"rendered":"http:\/\/serviciopdi.umh.es\/?page_id=30"},"modified":"2025-06-02T13:05:47","modified_gmt":"2025-06-02T11:05:47","slug":"informacion-y-servicios-al-profesorado","status":"publish","type":"page","link":"https:\/\/servicioprofesorado.umh.es\/ca\/informacion-y-servicios-al-profesorado\/","title":{"rendered":"Altres convocat\u00f2ries"},"content":{"rendered":"<p>A la seg\u00fcent p\u00e0gina trobareu informaci\u00f3 relativa a:<\/p>\n<ul>\n<li><a href=\"https:\/\/serviciopdi.umh.es\/informacion-y-servicios-al-profesorado\/meritos-docentes\/\" target=\"_blank\" rel=\"noopener noreferrer\">M\u00e8rits Docents<\/a><\/li>\n<li><a href=\"https:\/\/serviciopdi.umh.es\/informacion-y-servicios-al-profesorado\/sexenios\/\" target=\"_blank\" rel=\"noopener noreferrer\">Sexenis<\/a><\/li>\n<li><a href=\"https:\/\/serviciopdi.umh.es\/informacion-y-servicios-al-profesorado\/meritos-autonomicos\/\" target=\"_blank\" rel=\"noopener noreferrer\">M\u00e8rits Auton\u00f2mics<\/a><\/li>\n<li><a href=\"https:\/\/serviciopdi.umh.es\/informacion-y-servicios-al-profesorado\/programa-docentia-umh\/\" target=\"_blank\" rel=\"noopener noreferrer\">Programa Docentia-UMH<\/a><\/li>\n<\/ul>\n<p><\/p>","protected":false},"excerpt":{"rendered":"<p>A la seg\u00fcent p\u00e0gina trobareu informaci\u00f3 relativa a:<\/p>\n<p>M\u00e8rits Docents<br \/>\nSexenis<br \/>\nM\u00e8rits Auton\u00f2mics<br \/>\nPrograma Docentia-UMH<\/p>\n","protected":false},"author":383,"featured_media":0,"parent":0,"menu_order":30,"comment_status":"closed","ping_status":"closed","template":"","meta":{"_links_to":"","_links_to_target":""},"_links":{"self":[{"href":"https:\/\/servicioprofesorado.umh.es\/ca\/wp-json\/wp\/v2\/pages\/30"}],"collection":[{"href":"https:\/\/servicioprofesorado.umh.es\/ca\/wp-json\/wp\/v2\/pages"}],"about":[{"href":"https:\/\/servicioprofesorado.umh.es\/ca\/wp-json\/wp\/v2\/types\/page"}],"author":[{"embeddable":true,"href":"https:\/\/servicioprofesorado.umh.es\/ca\/wp-json\/wp\/v2\/users\/383"}],"replies":[{"embeddable":true,"href":"https:\/\/servicioprofesorado.umh.es\/ca\/wp-json\/wp\/v2\/comments?post=30"}],"version-history":[{"count":0,"href":"https:\/\/servicioprofesorado.umh.es\/ca\/wp-json\/wp\/v2\/pages\/30\/revisions"}],"wp:attachment":[{"href":"https:\/\/servicioprofesorado.umh.es\/ca\/wp-json\/wp\/v2\/media?parent=30"}],"curies":[{"name":"wp","href":"https:\/\/api.w.org\/{rel}","templated":true}]}}