{"id":245,"date":"2014-07-11T10:17:20","date_gmt":"2014-07-11T10:17:20","guid":{"rendered":"http:\/\/serviciopdi.umh.es\/?page_id=245"},"modified":"2026-02-16T11:13:24","modified_gmt":"2026-02-16T10:13:24","slug":"retribuciones","status":"publish","type":"page","link":"https:\/\/servicioprofesorado.umh.es\/ca\/nomina-y-seguridad-social\/retribuciones\/","title":{"rendered":"N\u00f2mines"},"content":{"rendered":"<p><\/p>\n<h3 id=\"tw-target-text\" class=\"tw-data-text tw-text-large XcVN5d tw-ta\" data-placeholder=\"Traducci\u00f3n\"><strong>Tablas Retributivas:<\/strong><\/h3>\n<ul>\n<li>Tablas retributivas a regir para el Personal Docente e Investigador (PDI): <a href=\"https:\/\/serviciopdi.umh.es\/files\/2021\/07\/TABLA-RETRIBUCIONES-PDI-2021.pdf\">Tabla Retribuciones PDI 2021<\/a><\/li>\n<li>Tablas retributivas a regir para el Personal de Administraci\u00f3n y Servicios (PAS): <a href=\"https:\/\/serviciopdi.umh.es\/files\/2021\/07\/Tabla-Retribuciones-del-PAS-2021.pdf\">Tabla Retribuciones PAS 2021<\/a><\/li>\n<li>Tablas retributivas a regir para el Personal Investigador (PI): <a href=\"https:\/\/serviciopas.umh.es\/files\/2021\/05\/PROTEGIDO.Anexo-1Proyectos-ID-2021-Nuevo-Reglamento-2021-incremento-209-ACTUALIZA-1.xlsx\">Tabla Retribuciones del PI 2021<\/a><\/li>\n<\/ul>\n<p style=\"text-align: justify\">Procedimiento y Retribuciones a regir para el PAS, por participaci\u00f3n en actividades extraordinarias, en el \u00e1mbito de la Universidad Miguel Hern\u00e1ndez de Elche (Aprobado por Consejo de Gobierno en fecha\u00a029 de mayo de 2014): <a href=\"https:\/\/serviciopas.umh.es\/files\/2010\/03\/Modificaci\u00f3n-Normativa-de-Retribuciones-por-Participaci\u00f3n-en-Actividades-Extraordinarias.pdf\">Modificaci\u00f3n Normativa de Retribuciones por Participaci\u00f3n en Actividades Extraordinarias<\/a>,<span style=\"color: #000000\"> de aplicaci\u00f3n subsidiaria, a lo establecido en el Calendario Laboral, para el Personal de Administraci\u00f3n y Servicios.<\/span><\/p>\n<h3><strong>Circular de Apertura del Presupuesto:<\/strong><\/h3>\n<p>En el apartado 4 de la <a href=\"https:\/\/serviciopdi.umh.es\/files\/2021\/06\/Circular-APERTURA-2021.pdf\">Circular Apertura 2021<\/a>\u00a0existen instrucciones que afectan a la gesti\u00f3n de las n\u00f3mina en nuestra Universidad.<\/p>\n<p>Se recuerda que las fechas m\u00e1ximas de remisi\u00f3n a N\u00f3minas, Servicio de PDI y GERRHH, de la documentaci\u00f3n completa para la tramitaci\u00f3n de pagos o contratos a personal y que puedan ser incluidas en ese mismo mes en la n\u00f3mina, son las siguientes:<\/p>\n<table style=\"height: 151px\" width=\"490\">\n<tbody>\n<tr>\n<th width=\"204\"><strong>Tipo de Paga<\/strong><\/th>\n<th width=\"204\"><strong>Fecha M\u00e1xima<\/strong><\/th>\n<\/tr>\n<tr>\n<td width=\"204\">Retroactiva<\/td>\n<td width=\"204\">2\u00a0del mes en curso<\/td>\n<\/tr>\n<tr>\n<td width=\"204\">Nomina Mensual<\/td>\n<td width=\"204\">13 del mes en curso (*)<\/td>\n<\/tr>\n<tr>\n<td width=\"204\">Finiquitos<\/td>\n<td width=\"204\">13 del mes en curso<\/td>\n<\/tr>\n<\/tbody>\n<\/table>\n<p>(*) Excepcionalmente, la admisi\u00f3n de propuestas de pago de retribuciones que deben ser liquidadas dentro de las n\u00f3minas de junio y diciembre, se anticipa hasta el d\u00eda 5.<\/p>\n<p>Si la documentaci\u00f3n completa no se recibe en el Servicio de PDI y GERRHH en dichas fechas, los pagos o contratos a personal recibidos se incorporar\u00e1n en la n\u00f3mina del mes siguiente, excepto en el mes de diciembre, debido al cierre del ejercicio.<\/p>\n<h3><strong>Pagos a personal propio UMH<\/strong><\/h3>\n<p>Todas las solicitudes de pago ser\u00e1n tramitadas a trav\u00e9s de la aplicaci\u00f3n inform\u00e1tica desarrollada al efecto en el acceso identificado en el apartado de Gesti\u00f3n &#8211; &#8220;Pagos a personal propio&#8221;.<\/p>\n<p>Una vez recabados los\u00a0V\u00baB\u00ba la unidad org\u00e1nica\u00a0correspondiente remitir\u00e1 documento contable &#8220;RC&#8221; que soporta dicho pago al <a href=\"https:\/\/sicgef.umh.es\/\">Servicio de Informaci\u00f3n Contable y Gesti\u00f3n Econ\u00f3mica y Financiera<\/a>, \u00a0junto con la documentaci\u00f3n pertinente indicada en el Anexo XXX <a href=\"https:\/\/serviciopdi.umh.es\/files\/2020\/06\/NORMATIVA-PAGOS-A-PERSONAL-PROPIO.pdf\">NORMATIVA PAGOS A PERSONAL PROPIO<\/a>\u00a0del Presupuesto anual de la UMH,\u00a0incluyendo retribuciones y en su caso, cuotas sociales o seguros,\u00a0para la verificaci\u00f3n de existencia de cr\u00e9dito y pase al\u00a0Servicio de PDI y GERRHH\u00a0para su tramitaci\u00f3n.<\/p>\n<p><strong><span style=\"color: #000000\">PROCEDIMIENTO EXTRAORDINARIO DE GESTI\u00d3N DEL PAGO A PERSONAL PROPIO EN LA UNIVERSIDAD MIGUEL HERN\u00c1NDEZ DE ELCHE<\/span><\/strong><br \/>\n<span style=\"color: #000000\">De acuerdo con la situaci\u00f3n dada por lo establecido en el Real Decreto 463\/2020, de 14 de marzo, por el que se declara el estado de alarma para la gesti\u00f3n de la situaci\u00f3n de crisis sanitaria ocasionada por el COVID19, se requiere la implementaci\u00f3n de procedimientos administrativos singulares que se adapten a este nuevo estado.<\/span><\/p>\n<p><span style=\"color: #000000\">Por todo ello, se establece el siguiente procedimiento extraordinario de gesti\u00f3n del pago a personal propio en el per\u00edodo comprendido hasta la vigencia del Real Decreto 463\/2020 en este \u00e1mbito.<\/span><\/p>\n<p><span style=\"color: #000000\">Enlace: <\/span><a href=\"https:\/\/serviciopdi.umh.es\/files\/2020\/05\/Procedimiento-extraordinario-pago-personal-propio.pdf\">Procedimiento extraordinario pago personal propio<\/a><\/p>\n<h3><strong>Obtenci\u00f3n de n\u00f3minas y otros justificantes:<\/strong><\/h3>\n<p>Mediante el acceso identificado, en el apartado de \u00a0<a href=\"https:\/\/universite.umh.es\/identificado\/\">Informaci\u00f3n Laboral<\/a>\u00a0 podr\u00e1\u00a0consultar\u00a0las n\u00f3minas mensuales y certificados de retenciones\u00a0anuales.<\/p>\n<h3><strong>Preguntas frecuentes (FAQ&#8217;s) sobre n\u00f3minas:<\/strong><\/h3>\n<p>En este\u00a0p\u00e1gina podr\u00e1 consultar las preguntas frecuentes que los usuarios realizan sobre la gesti\u00f3n que se realiza\u00a0desde nuestro\u00a0Servicio relativo a la\u00a0n\u00f3mina del personal de la Universidad Miguel Hern\u00e1ndez.<\/p>\n<p>El documento podr\u00e1 consultarlo en el siguiente enlace: <a href=\"https:\/\/serviciopdi.umh.es\/files\/2014\/07\/FAQs-n\u00f3mina-ac.pdf\">FAQ&#8217;s n\u00f3mina<\/a><\/p>","protected":false},"excerpt":{"rendered":"<p>Tablas Retributivas:<\/p>\n<p>Tablas retributivas a regir para el Personal Docente e Investigador (PDI): Tabla Retribuciones PDI 2021<br \/>\nTablas retributivas a regir para el Personal de Administraci\u00f3n y Servicios (PAS): Tabla Retribuciones PAS 2021<br \/>\nTablas retributivas a regir para el Personal Investigador (PI): Tabla Retribuciones del PI 2021<\/p>\n<p>Procedimiento y Retribuciones a regir para el PAS, por participaci\u00f3n en actividades [&#8230;]<\/p>\n","protected":false},"author":365,"featured_media":0,"parent":90,"menu_order":10,"comment_status":"closed","ping_status":"open","template":"","meta":{"_links_to":"","_links_to_target":""},"_links":{"self":[{"href":"https:\/\/servicioprofesorado.umh.es\/ca\/wp-json\/wp\/v2\/pages\/245"}],"collection":[{"href":"https:\/\/servicioprofesorado.umh.es\/ca\/wp-json\/wp\/v2\/pages"}],"about":[{"href":"https:\/\/servicioprofesorado.umh.es\/ca\/wp-json\/wp\/v2\/types\/page"}],"author":[{"embeddable":true,"href":"https:\/\/servicioprofesorado.umh.es\/ca\/wp-json\/wp\/v2\/users\/365"}],"replies":[{"embeddable":true,"href":"https:\/\/servicioprofesorado.umh.es\/ca\/wp-json\/wp\/v2\/comments?post=245"}],"version-history":[{"count":0,"href":"https:\/\/servicioprofesorado.umh.es\/ca\/wp-json\/wp\/v2\/pages\/245\/revisions"}],"up":[{"embeddable":true,"href":"https:\/\/servicioprofesorado.umh.es\/ca\/wp-json\/wp\/v2\/pages\/90"}],"wp:attachment":[{"href":"https:\/\/servicioprofesorado.umh.es\/ca\/wp-json\/wp\/v2\/media?parent=245"}],"curies":[{"name":"wp","href":"https:\/\/api.w.org\/{rel}","templated":true}]}}