{"id":21,"date":"2014-03-24T08:23:56","date_gmt":"2014-03-24T07:23:56","guid":{"rendered":"http:\/\/serviciopdi.umh.es\/?page_id=21"},"modified":"2026-03-25T13:44:40","modified_gmt":"2026-03-25T12:44:40","slug":"legislacion","status":"publish","type":"page","link":"https:\/\/servicioprofesorado.umh.es\/ca\/legislacion\/","title":{"rendered":"Normativa"},"content":{"rendered":"<p><\/p>\n<h3 style=\"text-align: justify\"><strong>General<\/strong><\/h3>\n<ul style=\"text-align: justify\">\n<li><a href=\"https:\/\/serviciopdi.umh.es\/files\/2014\/03\/Constituci\u00f3n-Espa\u00f1ola.pdf\">Constituci\u00f3n Espa\u00f1ola<\/a><\/li>\n<li><a href=\"https:\/\/www.boe.es\/boe\/dias\/1982\/07\/10\/pdfs\/A18813-18820.pdf\">Ley Org\u00e1nica 5\/1982, de 1 de julio, Estatuto de Autonom\u00eda de la Comunidad Valenciana<\/a>\n<ul style=\"text-align: justify\">\n<li>Se modifica el art\u00edculo 73.1, por <a href=\"https:\/\/www.boe.es\/boe\/dias\/2010\/07\/17\/pdfs\/BOE-A-2010-11417.pdf\">Ley 23\/2010, de 16 de julio<\/a><\/li>\n<li>Se deroga en su redacci\u00f3n original, por <a href=\"https:\/\/www.boe.es\/boe\/dias\/2006\/04\/11\/pdfs\/A13934-13954.pdf\">Ley Org\u00e1nica 1\/2006, de 10 de abril<\/a><\/li>\n<\/ul>\n<\/li>\n<li><a href=\"https:\/\/serviciopdi.umh.es\/files\/2019\/05\/EPEB-consolidado-2019.pdf\">Texto Refundido Estatuto B\u00e1sico Empleado P\u00fablico_2019<\/a>\n<ul>\n<li><a href=\"https:\/\/serviciopdi.umh.es\/files\/2019\/05\/Real-Decreto-Ley-6-2019-de-1-de-marzo-de-medidas-urgentes-para-garant\u00eda-de-la-igualdad-de-trato-y-opotunidades-entre-hombres-y-mujeres-en-el-empleo-y-la-ocupaci\u00f3n.pdf\">Real Decreto-Ley 6-2019, de 1 de marzo, de medidas urgentes para garant\u00eda de la igualdad de trato y oportunidades entre hombres y mujeres en el empleo y la ocupaci\u00f3n<\/a><\/li>\n<\/ul>\n<\/li>\n<li><a href=\"https:\/\/defensor.umh.es\/files\/2016\/07\/2004-ESTATUTOS-UMH-rev.-2012.pdf\" target=\"_blank\" rel=\"noopener noreferrer\">DECRETO 208\/2004, de 8 de octubre, del Consell de la Generalitat, por el que se aprueban los Estatutos de la Universidad Miguel Hern\u00e1ndez de Elche.<\/a><\/li>\n<li><a href=\"https:\/\/serviciopdi.umh.es\/files\/2014\/03\/Ley-315-1964-de-7-de-febrero-de-Funcionarios-Civiles-del-Estado.pdf\">Ley 315\/1964, de 7 de febrero, de Funcionarios Civiles del Estado<\/a><\/li>\n<li><a href=\"http:\/\/dogv.gva.es\/datos\/2021\/04\/20\/pdf\/2021_3988.pdf\"><strong>Ley 4\/2021, de 16 de abril, de la Generalitat, de la Funci\u00f3n Publica Valenciana.<\/strong><\/a><\/li>\n<li><a href=\"https:\/\/serviciopdi.umh.es\/files\/2014\/03\/Real-Decreto-Ley-20_2012-de-13-de-julio-de-medidas-para-garantizar-la-estabilidad-presupuestaria-y-de-fomento-de-la-competitividad.pdf\">Real Decreto-Ley 20\/2012, de 13 de julio, de medidas para garantizar la estabilidad presupuestaria y de fomento de la competitividad<\/a><\/li>\n<li><a href=\"https:\/\/serviciopdi.umh.es\/files\/2014\/03\/Real-Decreto-365-1995-de-10-de-marzo-Reglamento-de-situaciones-administrativas-de-los-Funcionarios-Civiles-del-Estado.pdf\">Real Decreto 365\/1995, de 10 de marzo, Reglamento de situaciones administrativas de los Funcionarios Civiles del Estado<\/a><\/li>\n<li><a href=\"https:\/\/serviciopdi.umh.es\/files\/2019\/05\/Estatuto-trabajadores-consolidado-2019.pdf\">Texto Refundido Estatuto de los trabajadores_2019<\/a><\/li>\n<li><a href=\"https:\/\/serviciopdi.umh.es\/files\/2014\/03\/Real-Decreto-Ley-3-2012-de-10-de-febrerode-medidas-urgentes-para-la-reforma-del-mercado-laboral.pdf\">Real Decreto Ley 3\/2012, de 10 de febrero, de medidas urgentes para la reforma del mercado laboral<\/a><\/li>\n<li><a href=\"https:\/\/serviciopdi.umh.es\/files\/2014\/03\/Ley-53-1984-de-26-de-diciembre-de-Incompatibilidades-del-Personal-al-Servicio-de-las-Administraciones-P\u00fablicas.pdf\">Ley 53\/1984, de 26 de diciembre, de Incompatibilidades del Personal al Servicio de las Administraciones P\u00fablicas<\/a><\/li>\n<li><a href=\"https:\/\/serviciopdi.umh.es\/files\/2014\/03\/Real-Decreto-598-1985-de-30-de-abril-Incompatibilidades-del-Personal-al-Servicio-de-las-Administraciones-P\u00fablicas-desarrolla-parcialmente-la-Ley-53-1984-de-26-12-1984.pdf\">Real Decreto 598\/1985, de 30 de abril, Incompatibilidades del Personal al Servicio de las Administraciones P\u00fablicas- desarrolla parcialmente la Ley 53\/1984, de 26-12-1984<\/a><\/li>\n<li><a href=\"https:\/\/serviciopdi.umh.es\/files\/2014\/03\/Decreto-2008-2004-de-8-de-octubre-Estatutos-Universidad-Miguel-Hern\u00e1ndez-de-Elche.pdf\">Decreto 2008\/2004, de 8 de octubre, Estatutos Universidad Miguel Hern\u00e1ndez de Elche<\/a>\n<ul>\n<li><a href=\"https:\/\/serviciopdi.umh.es\/files\/2018\/10\/Decreto-105_2012_Modificaci\u00f3n-Estatutos-UMH.pdf\">Decreto 105\/2012, de 29 de junio, de modificaci\u00f3n de los Estatutos Universidad Miguel Hern\u00e1ndez de Elche<\/a><\/li>\n<\/ul>\n<\/li>\n<\/ul>\n<h3><\/h3>\n<h3 style=\"text-align: justify\"><strong>Professorat Universitari<\/strong><\/h3>\n<ul style=\"text-align: justify\">\n<li><a href=\"https:\/\/serviciopdi.umh.es\/files\/2019\/06\/Ley-Organica-6_2001-de-Universidades-Modificada-06-12-2018.pdf\">Ley Org\u00e1nica 6_2001, de Universidades (Modificada 06-12-2018)<\/a>\n<ul>\n<li><a href=\"https:\/\/serviciopdi.umh.es\/files\/2014\/03\/Ley-Org\u00e1nica-4-2007-de-12-de-abril-de-modificaci\u00f3n-de-la-LOU.pdf\">Ley Org\u00e1nica 4\/2007, de 12 de abril, de modificaci\u00f3n de la LOU<\/a><\/li>\n<li><a href=\"https:\/\/serviciopdi.umh.es\/files\/2014\/03\/Real-Decreto-Ley-14-2012-medidas-urgentes-racionalizaci\u00f3n-gasto-p\u00fablico-\u00e1mbito-educativo.pdf\">Real Decreto-Ley 14\/2012 medidas urgentes racionalizaci\u00f3n gasto p\u00fablico \u00e1mbito educativo<\/a><\/li>\n<li><a href=\"https:\/\/serviciopdi.umh.es\/files\/2014\/03\/RD-L-10_2015-Creditos-extraord-y-medidas-empleo-publico.pdf\">Real Decreto-Ley 10\/2015 Cr\u00e9ditos extraordinarios y medidas empleo publico<\/a><\/li>\n<\/ul>\n<\/li>\n<li><a href=\"https:\/\/serviciopdi.umh.es\/files\/2014\/03\/Ley-14_2011-de-1-de-junio-de-la-Ciencia-la-Tecnolog\u00eda-y-la-Innovaci\u00f3n.pdf\">Ley 14\/2011, de 1 de junio, de la Ciencia, la Tecnolog\u00eda y la Innovaci\u00f3n<\/a><\/li>\n<li><a href=\"https:\/\/serviciopdi.umh.es\/files\/2014\/03\/Real-Decreto-1312-2007-de-5-de-octubre-por-el-que-se-estable-la-acreditaci\u00f3n-nacional-para-el-acceso-a-cuerpos-docentes-universitarios.pdf\">Real Decreto 1312\/2007, de 5 de octubre, por el que se estable la acreditaci\u00f3n nacional para el acceso a cuerpos docentes universitarios<\/a>\n<ul>\n<li><a href=\"https:\/\/serviciopdi.umh.es\/files\/2014\/03\/Real-Decreto-415_2015-de-29-de-mayo-modifica-el-RD-1312_2007-Acreditaci\u00f3n-nacional-cuerpos-docentes.pdf\">Real Decreto 415\/2015, de 29 de mayo, modifica el RD 1312_2007 Acreditaci\u00f3n nacional cuerpos docentes<\/a><\/li>\n<\/ul>\n<\/li>\n<li><a href=\"https:\/\/serviciopdi.umh.es\/files\/2014\/03\/Real-Decreto-1313-2007-de-5-de-octubre-por-el-que-se-regula-el-r\u00e9gimen-de-concursos-de-acceso-a-cuerpos-docentes-universitarios.pdf\">Real Decreto 1313\/2007, de 5 de octubre, por el que se regula el r\u00e9gimen de concursos de acceso a cuerpos docentes universitarios<\/a><\/li>\n<li><a href=\"https:\/\/serviciopdi.umh.es\/files\/2014\/03\/Real-Decreto-898-1985-de-30-de-abril-R\u00e9gimen-de-Profesorado-Universitario.pdf\">Real Decreto 898\/1985, de 30 de abril, R\u00e9gimen de Profesorado Universitario<\/a>\n<ul>\n<li><a href=\"https:\/\/serviciopdi.umh.es\/files\/2014\/03\/Real-Decreto-554-1991-de-12-de-abril-Modifica-RD-898-1985.pdf\">Real Decreto 554\/1991, de 12 de abril, Modifica RD 898-1985<\/a><\/li>\n<li><a href=\"https:\/\/serviciopdi.umh.es\/files\/2014\/03\/Real-Decreto-70-2000-de-21-de-enero-Modifica-RD-898-1985.pdf\">Real Decreto 70\/2000, de 21 de enero, Modifica RD 898-1985<\/a><\/li>\n<\/ul>\n<\/li>\n<li><a href=\"https:\/\/serviciopdi.umh.es\/files\/2014\/03\/Real-Decreto-1558-1986-de-28-de-junio-Bases-generales-del-r\u00e9gimen-de-conciertos-con-las-Instituciones-Sanitarias.pdf\">Real Decreto 1558\/1986, de 28 de junio, Bases generales del r\u00e9gimen de conciertos con las Instituciones Sanitarias<\/a>\n<ul>\n<li><a href=\"https:\/\/serviciopdi.umh.es\/files\/2014\/03\/Convenio-suscrito-entre-la-UMH-la-Conseller\u00eda-de-Sanidad-y-la-Diputaci\u00f3n-Provincial-de-Alicante.pdf\">Convenio suscrito entre la UMH, la Conseller\u00eda de Sanidad y la Diputaci\u00f3n Provincial de Alicante<\/a><\/li>\n<li><a href=\"https:\/\/serviciopdi.umh.es\/files\/2014\/03\/Adenda-al-Convenio-suscrito-entre-la-UMH-la-Conseller\u00eda-de-Sanidad-y-la-Diputaci\u00f3n-Provincial-de-Alicante.pdf\">Adenda al Convenio suscrito entre la UMH, la Conseller\u00eda de Sanidad y la Diputaci\u00f3n Provincial de Alicante<\/a><\/li>\n<\/ul>\n<\/li>\n<li><a href=\"https:\/\/serviciopdi.umh.es\/files\/2014\/03\/Real-Decreto-1086-1989-de-28-de-agosto-sobre-retribuciones-del-profesorado-universitario.pdf\">Real Decreto 1086\/1989, de 28 de agosto, sobre retribuciones del profesorado universitario<\/a>\n<ul>\n<li><a href=\"https:\/\/serviciopdi.umh.es\/files\/2014\/03\/Real-Decreto-1949-1995-de-1-de-diciembre-modifica-RD-1086-1989.pdf\">Real Decreto 1949\/1995, de 1 de diciembre, modifica RD 1086-1989<\/a><\/li>\n<li><a href=\"https:\/\/serviciopdi.umh.es\/files\/2014\/03\/Real-Decreto-74-2000-de-21-de-enero-modifica-RD-1086-1989.pdf\">Real Decreto 74\/2000, de 21 de enero, modifica RD 1086-1989<\/a><\/li>\n<\/ul>\n<\/li>\n<li><a href=\"https:\/\/serviciopdi.umh.es\/files\/2014\/03\/Decreto-174_2002-de-15-de-octubre-R\u00e9gimen-y-Retribuciones-del-Personal-Docente-e-Investigador-Contratado-y-Retribuciones-Adicionales-del-Profesorado-Universitario-2017.pdf\">Decreto 174\/2002, de 15 de octubre, R\u00e9gimen y Retribuciones del Personal Docente e Investigador Contratado y Retribuciones Adicionales del Profesorado Universitario 2017<\/a><\/li>\n<\/ul>\n<h3><\/h3>\n<h3 style=\"text-align: justify\"><strong>Normatives UMH<\/strong><\/h3>\n<ul>\n<li style=\"text-align: justify\"><a href=\"https:\/\/serviciopdi.umh.es\/files\/2018\/10\/Reglamento-R\u00e9gimen-General-del-PDI-de-la-UMH-modif-14-12-2016.pdf\">Reglamento R\u00e9gimen General del PDI de la UMH modif 14-12-2016<\/a><\/li>\n<li><a href=\"https:\/\/serviciopdi.umh.es\/files\/2014\/03\/Not.-acu.-protocolo-permisos-licencias-vacaciones-etc.-del-PDI.pdf\">Acuerdo de aprobaci\u00f3n del protocolo de Permisos,\u00a0Licencias,\u00a0Vacaciones y Cambios de Situaci\u00f3n Administrativa del personal con plaza vinculada y Profesores Asociados de\u00a0Ciencias de la Salud de la UMH.<\/a><\/li>\n<li><a href=\"https:\/\/serviciopdi.umh.es\/files\/2019\/01\/INSTRUCCI\u00d3N-INFORMATIVA-SOBRE-AMPLIACI\u00d3N-DE-PERMISOS-PDI-A\u00d1O-2019-C.G.30.01.2019-v4.pdf\">Instrucci\u00f3n informativa de la Vicerrectora de Profesorado sobre la ampliaci\u00f3n de determinados permisos del Personal Docente e Investigador de la Universidad Miguel Hern\u00e1ndez de Elche para el a\u00f1o 2019 (Mofificada por C.G. 30-01-2019)<\/a><\/li>\n<li style=\"text-align: justify\"><a href=\"https:\/\/serviciopdi.umh.es\/files\/2020\/12\/RCogo_266-Not-acu.-correccion-errorespareditt-copia-autentica.pdf\">Reconocimiento de cr\u00e9ditos docentes y de investigaci\u00f3n por cargos acad\u00e9micos y de gesti\u00f3n de la UMH (C.G. 14-12-2020)<\/a><\/li>\n<li style=\"text-align: justify\"><a href=\"https:\/\/serviciopdi.umh.es\/files\/2014\/03\/Modificaci\u00f3n-Procedimiento-incoroporaci\u00f3n-de-funcionarios-o-contratados-a-otras-figuras-contractuales-en-sus-propias-plazas.pdf\">Modificaci\u00f3n Procedimiento incorporaci\u00f3n de funcionarios o contratados a otras figuras contractuales en sus propias plazas<\/a><\/li>\n<li><a href=\"https:\/\/serviciopdi.umh.es\/files\/2018\/10\/RS-0515-Not.acu_.-Norma.-creaci\u00f3n-mod-supre-Dptos.y-cambio-adscripci\u00f3n-PDI.pdf\">Acuerdo de aprobaci\u00f3n de la Normativa para la creaci\u00f3n, modificaci\u00f3n o supresi\u00f3n de departamentos y para el cambio de adscripci\u00f3n de \u00e1rea de conocimiento del PDI de la UMH\u00a0(26-09-2018)<\/a><\/li>\n<li style=\"text-align: justify\"><a href=\"https:\/\/serviciopdi.umh.es\/files\/2014\/03\/Agrupaci\u00f3n-de-las-\u00e1reas-de-conocimiento-acad\u00e9micas-de-la-UMH.pdf\">Agrupaci\u00f3n de las \u00e1reas de conocimiento acad\u00e9micas de la UMH<\/a><\/li>\n<li style=\"text-align: justify\"><a href=\"https:\/\/serviciopdi.umh.es\/files\/2018\/04\/9551_RELACI\u00d3N-CARGOS-ASIMILADOS-24.04.2018.pdf\">Cargos de gesti\u00f3n asimilados a los cargos acad\u00e9micos de la Universidad Miguel Hern\u00e1ndez, a efectos de la acreditaci\u00f3n nacional<\/a><\/li>\n<li style=\"text-align: justify\"><a href=\"https:\/\/serviciopdi.umh.es\/files\/2019\/11\/Programa-para-el-Personal-Docente-e-Investigador-de-la-UMH-con-cert-Acred-Nac-para-acceso-Cuerpo-Docente.pdf\">Programa para el Personal Docente e Investigador de la UMH con cert Acred Nac para acceso Cuerpo Docente<\/a><\/li>\n<li style=\"text-align: justify\"><a href=\"https:\/\/serviciopdi.umh.es\/files\/2014\/03\/Cuadro-de-mando-integral-para-la-gesti\u00f3n-del-personaldocente-e-investigador.pdf\">Cuadro de mando integral para la gesti\u00f3n del personal docente e investigador<\/a><\/li>\n<li style=\"text-align: justify\"><a href=\"https:\/\/serviciopdi.umh.es\/files\/2014\/03\/Protocolo-de-Tutores-Pr\u00e1cticas-Cl\u00ednicas-de-la-UMH.pdf\">Protocolo de Tutores Pr\u00e1cticas Cl\u00ednicas de la UMH<\/a><\/li>\n<li><a href=\"https:\/\/serviciopdi.umh.es\/files\/2014\/03\/Acuerdo-de-aprobaci\u00f3n-del-acuerdo-de-asignaci\u00f3n-y-distribuci\u00f3n-del-cr\u00e9dito-horario-para-actividad-sindical-del-personal-docente-e-investigador-de-la-UMH-24-07-2017.pdf\">Acuerdo de aprobaci\u00f3n del acuerdo de asignaci\u00f3n y distribuci\u00f3n del cr\u00e9dito horario para actividad sindical del personal docente e investigador de la UMH (C.G. 24-07-2017)<\/a><\/li>\n<li><a href=\"https:\/\/serviciopdi.umh.es\/files\/2014\/03\/Acuerdo-de-aprobaci\u00f3n-del-Plan-de-Igualdad-entre-Mujeres-y-Hombres-2017-2020-de-la-Universidad-Miguel-Hern\u00e1ndez.pdf\">Acuerdo de aprobaci\u00f3n del Plan de Igualdad entre Mujeres y Hombres 2017-2020 de la Universidad Miguel Hern\u00e1ndez<\/a><\/li>\n<\/ul>\n<h3><\/h3>\n<h3 style=\"text-align: justify\"><strong>Enlla\u00e7os UMH:<\/strong><\/h3>\n<ul style=\"text-align: justify\">\n<li><a href=\"https:\/\/boumh.umh.es\/inicio\/\">Bolet\u00edn Oficial de la UMH<\/a><\/li>\n<li><a href=\"http:\/\/www.umh.es\/contenido\/PDI\/:calendario\/datos_es.html\">Calendario Acad\u00e9mico<\/a><\/li>\n<li><a href=\"https:\/\/serviciopdi.umh.es\/files\/2014\/06\/RPT-PDI.pdf\">Relaci\u00f3n de Puestos de Trabajo del Personal Docente e Investigador UMH<\/a><\/li>\n<li><a href=\"https:\/\/estudios.umh.es\/formacion-docente\/\" target=\"_blank\" rel=\"noopener noreferrer\">Programa de Formaci\u00f3n Docente<\/a>: Formaci\u00f3n inicial en docencia universitaria, formaci\u00f3n para los profesores noveles, formaci\u00f3n continua, formaci\u00f3n para la gesti\u00f3n del conocimiento.<\/li>\n<li><a href=\"https:\/\/serviciopdi.umh.es\/accion-social\/plan-de-pensiones\/\">Plan de Pensiones<\/a>: programa de ahorro complementario a la pensi\u00f3n de jubilaci\u00f3n correspondiente.<\/li>\n<li><a href=\"https:\/\/ventajas.umh.es\/\" target=\"_blank\" rel=\"noopener noreferrer\">Servicios a la comunidad universitaria UMH<\/a>: servicios y ventajas comerciales para la\u00a0comunidad universitaria<\/li>\n<li><a href=\"https:\/\/cultura.umh.es\/es\" target=\"_blank\" rel=\"noopener noreferrer\">Secretariado de Extensi\u00f3n Universitaria UMH<\/a>: cursos, talleres, deportes, valenciano, igualdad, escuela de verano, aula junior.<\/li>\n<\/ul>\n<h3 id=\"tw-target-text\" class=\"tw-data-text tw-text-large XcVN5d tw-ta\" data-placeholder=\"Traducci\u00f3n\"><span class=\"Y2IQFc\" lang=\"ca\">Altres enlla\u00e7os d&#8217;inter\u00e8s<\/span><strong>:<\/strong><\/h3>\n<ul>\n<li><a title=\"Consultar el BOE\" href=\"http:\/\/www.boe.es\/\" target=\"_blank\" rel=\"noopener noreferrer\">Bolet\u00edn Oficial del Estado. (BOE)<\/a><\/li>\n<li><a title=\"Consultar el DOCV\" href=\"http:\/\/www.dogv.gva.es\/va\/inici\" target=\"_blank\" rel=\"noopener noreferrer\">Diari Oficial de la Generalitat Valencia. \u00a0(DOGV)<\/a><\/li>\n<li><a href=\"http:\/\/www.aneca.es\/\" target=\"_blank\" rel=\"noopener noreferrer\">Agencia Nacional de Evaluaci\u00f3n de la Calidad y Acreditaci\u00f3n (ANECA)<\/a><\/li>\n<li style=\"text-align: justify\"><a href=\"http:\/\/www.avap.es\/es\" target=\"_blank\" rel=\"noopener noreferrer\">Ag\u00e8ncia Valenciana d&#8217;Avaluaci\u00f3 i Prospectiva (AVAP)<\/a><\/li>\n<\/ul>\n<p><\/p>","protected":false},"excerpt":{"rendered":"<p>General<\/p>\n<p>Constituci\u00f3n Espa\u00f1ola<br \/>\nLey Org\u00e1nica 5\/1982, de 1 de julio, Estatuto de Autonom\u00eda de la Comunidad Valenciana<\/p>\n<p>Se modifica el art\u00edculo 73.1, por Ley 23\/2010, de 16 de julio<br \/>\nSe deroga en su redacci\u00f3n original, por Ley Org\u00e1nica 1\/2006, de 10 de abril<\/p>\n<p>Texto Refundido Estatuto B\u00e1sico Empleado P\u00fablico_2019<\/p>\n<p>Real Decreto-Ley 6-2019, de 1 de marzo, de medidas urgentes para garant\u00eda [&#8230;]<\/p>\n","protected":false},"author":383,"featured_media":0,"parent":0,"menu_order":61,"comment_status":"closed","ping_status":"closed","template":"","meta":{"_links_to":"","_links_to_target":""},"_links":{"self":[{"href":"https:\/\/servicioprofesorado.umh.es\/ca\/wp-json\/wp\/v2\/pages\/21"}],"collection":[{"href":"https:\/\/servicioprofesorado.umh.es\/ca\/wp-json\/wp\/v2\/pages"}],"about":[{"href":"https:\/\/servicioprofesorado.umh.es\/ca\/wp-json\/wp\/v2\/types\/page"}],"author":[{"embeddable":true,"href":"https:\/\/servicioprofesorado.umh.es\/ca\/wp-json\/wp\/v2\/users\/383"}],"replies":[{"embeddable":true,"href":"https:\/\/servicioprofesorado.umh.es\/ca\/wp-json\/wp\/v2\/comments?post=21"}],"version-history":[{"count":0,"href":"https:\/\/servicioprofesorado.umh.es\/ca\/wp-json\/wp\/v2\/pages\/21\/revisions"}],"wp:attachment":[{"href":"https:\/\/servicioprofesorado.umh.es\/ca\/wp-json\/wp\/v2\/media?parent=21"}],"curies":[{"name":"wp","href":"https:\/\/api.w.org\/{rel}","templated":true}]}}