{"id":11058,"date":"2022-05-16T14:03:50","date_gmt":"2022-05-16T12:03:50","guid":{"rendered":"https:\/\/servicioprofesorado.umh.es\/?page_id=11058"},"modified":"2022-05-17T09:16:36","modified_gmt":"2022-05-17T07:16:36","slug":"accesibilidad","status":"publish","type":"page","link":"https:\/\/servicioprofesorado.umh.es\/ca\/accesibilidad\/","title":{"rendered":"Accessibilitat"},"content":{"rendered":"<p><\/p>\n<h3>Declaraci\u00f3 d&#8217;accessibilitat<\/h3>\n<p>Servei de Professorat, N\u00f2mina i Seguretat Social s&#8217;ha comprom\u00e9s a fer accessible el seu lloc web, de conformitat amb el <a href=\"http:\/\/www.boe.es\/diario_boe\/txt.php?id=BOE-A-2018-12699\">Reial Decret 1112\/2018, de 7 de setembre, sobre accessibilitat dels llocs web i aplicacions per a dispositius m\u00f2bils del sector p\u00fablic (obri una nova finestra).<\/a><\/p>\n<p>La present declaraci\u00f3 d&#8217;accessibilitat s&#8217;aplica al lloc web servicioprofesorado.umh.es<\/p>\n<h4>Situaci\u00f3 de compliment<\/h4>\n<p>Aquest lloc web \u00e9s <strong>parcialment conforme<\/strong> amb el RD 1112\/2018 degut a les excepcions i a la falta de conformitat dels aspectes que s&#8217;indiquen a continuaci\u00f3.<\/p>\n<h4>Contingut no accessible<\/h4>\n<p>El contingut que s&#8217;arreplega a continuaci\u00f3 no \u00e9s accesible porqu\u00e8:<\/p>\n<ol type=\"a\">\n<li><strong>Falta de conformitat amb el RD 1112\/2018<\/strong>\n<ul>\n<li>Podrien existir fallades puntuals d&#8217;edici\u00f3 en alguna p\u00e0gina web.<\/li>\n<li>En el portal existeixen continguts enlla\u00e7ats en forma de mitjans tempodependents que no disposen de audiodescripcions [requisits 9.1.2.3 Audiodescripci\u00f3 o Mitj\u00e0 Alternatiu (gravat) y 9.1.2.5 Audiodescripci\u00f3 (gravat) de UNE-EN 301549:2019].<\/li>\n<\/ul>\n<\/li>\n<li><strong>C\u00e0rrega desproporcionada<\/strong>\n<ul>\n<li>No aplica.<\/li>\n<\/ul>\n<\/li>\n<li>El contingut <strong>no entra dins l&#8217;\u00e0mbit de la legislaci\u00f3<\/strong> aplicable\n<ul>\n<li>Podrien existir fitxers ofim\u00e0tics en PDF, que s\u00f3n continguts de tercers que no estan finan\u00e7ats ni desenvolupats per la UMH ni estan sota el seu control, que no compleixen tots els requisits d&#8217;accessibilitat.<\/li>\n<li>Hi ha continguts generats per plugins de tercers que no estan finan\u00e7ats ni desenvolupats per la UMH ni estan sota control, que no compleixen tots els requisits d&#8217;accessibilitat.<\/li>\n<\/ul>\n<\/li>\n<\/ol>\n<h4>Preparaci\u00f3 de la present declaraci\u00f3 d&#8217;accessibilitat<\/h4>\n<p>La present declaraci\u00f3 va ser preparada el 16\/05\/2022.<\/p>\n<p>El m\u00e8tode emprat per preparar la declaraci\u00f3 ha estat una autoavaluaci\u00f3 duta a terme pel propi organisme.<\/p>\n<p>Darrera revisi\u00f3 de la declaraci\u00f3: 16\/05\/2022.<\/p>\n<h4>Observacions i dades de contacte<\/h4>\n<p>Podeu realitzar <strong>comunicacions <\/strong>sobre requisits d&#8217;accessibilitat (article 10.2.a) del RD 1112\/2018) com per exemple:<\/p>\n<ul>\n<li>Informar sobre qualsevol possible <strong>incompliment <\/strong>per part d&#8217;aquest lloc web.<\/li>\n<li>Transmetre altres <strong>dificultats d&#8217;acc\u00e9s<\/strong> al contingut.<\/li>\n<li>Formular qualsevol altra <strong>consulta o suggeriment de millora<\/strong> relativa a l&#8217;accessibilitat al lloc web.<\/li>\n<\/ul>\n<p>A trav\u00e9s de l&#8217;adre\u00e7a de correu electr\u00f2nic <a href=\"mailto:accesibilidadweb@umh.es\">accesibilidadweb@umh.es<\/a> o telefonant al 96 665 8956.<\/p>\n<p>Les comunicacions seran rebudes i tractades pel Servei d&#8217;Innovaci\u00f3 i Planificaci\u00f3 Tecnol\u00f2gica, com unitat responsable d&#8217;accessibilitat de la Universitat Miguel Hern\u00e1ndez d&#8217;Elx.<\/p>\n<h4>Procediment d&#8217;aplicaci\u00f3<\/h4>\n<p>El procediment de reclamaci\u00f3 arreplegat en l&#8217;article 13 del RD 1112\/2018 va entrar en vigor el 20 de setembre de 2020.<\/p>\n<p>Les sol\u00b7licituds d&#8217;informaci\u00f3 accesible i queixes seran presentades i registrades d&#8217;acord amb els requisits establits en la Llei 39\/2015, d&#8217;1 d&#8217;octubre, del Procediment Administratiu Com\u00fa de les Administracions P\u00fabliques. Aquest tr\u00e0mit podr\u00e0 realitza-rse mitjan\u00e7ant <a href=\"https:\/\/sede.umh.es\/procedimientos\/instancia-general\/\">inst\u00e0ncia general presentada a trav\u00e9s de la Seu electr\u00f2nica de la UMH (obri una nova finestra)<\/a> o de forma presencial en el Registre General de la Universitat i en els registres auxiliars ubicats en els centres de gesti\u00f3 de campus.<\/p>\n<p>Procediment de reclamaci\u00f3. Si una vegada realitzada una sol\u00b7licitud d&#8217;informaci\u00f3 accessible o queixa aquesta ha estat desestimada o no s&#8217;estigu\u00e9s d&#8217;acord amb la decisi\u00f3 adoptada, o b\u00e9 la resposta no compleix els requisits contemplats a l&#8217;article 12.5 del RD 1112\/2018, la persona interessada podr\u00e0 iniciar una reclamaci\u00f3 per con\u00e8ixer i oposar-se als motius de la desestimaci\u00f3, instar l&#8217;adopci\u00f3 de les mesures oportunes en cas de no estar d&#8217;acord amb la decisi\u00f3 adoptada, o exposar les raons per les quals es considera que la resposta no compleix els requisits exigits.<\/p>\n<p>Igualment es podr\u00e0 iniciar una reclamaci\u00f3 en el cas que haja transcorregut el termini de vint dies h\u00e0bils sense haver obtingut resposta, que haur\u00e0 de ser presentada i registrada d&#8217;acord amb els requisits establits en la Llei 39\/2015, d&#8217;1 d&#8217;octubre.<\/p>\n<h4>Contingut opcional<\/h4>\n<p>Aquest lloc web aplica els requisits de la <a href=\"https:\/\/administracionelectronica.gob.es\/PAe\/accesibilidad\/une-en-301549-2019.pdf\">Norma UNE-EN 301549:2019 (PDF, 2,21 MB) (obri una nova finestra)<\/a> considerant les excepcions del RD 1112\/2018.<\/p>\n<p>L&#8217;\u00faltima revisi\u00f3 de l&#8217;accessibilitat s&#8217;ha realitzat al 16\/05\/2022.<\/p>","protected":false},"excerpt":{"rendered":"<p>Declaraci\u00f3 d&#8217;accessibilitat<br \/>\nServei de Professorat, N\u00f2mina i Seguretat Social s&#8217;ha comprom\u00e9s a fer accessible el seu lloc web, de conformitat amb el Reial Decret 1112\/2018, de 7 de setembre, sobre accessibilitat dels llocs web i aplicacions per a dispositius m\u00f2bils del sector p\u00fablic (obri una nova finestra).<br \/>\nLa present declaraci\u00f3 d&#8217;accessibilitat s&#8217;aplica al lloc web servicioprofesorado.umh.es<br \/>\nSituaci\u00f3 de [&#8230;]<\/p>\n","protected":false},"author":3581,"featured_media":0,"parent":0,"menu_order":0,"comment_status":"closed","ping_status":"closed","template":"","meta":{"_links_to":"","_links_to_target":""},"_links":{"self":[{"href":"https:\/\/servicioprofesorado.umh.es\/ca\/wp-json\/wp\/v2\/pages\/11058"}],"collection":[{"href":"https:\/\/servicioprofesorado.umh.es\/ca\/wp-json\/wp\/v2\/pages"}],"about":[{"href":"https:\/\/servicioprofesorado.umh.es\/ca\/wp-json\/wp\/v2\/types\/page"}],"author":[{"embeddable":true,"href":"https:\/\/servicioprofesorado.umh.es\/ca\/wp-json\/wp\/v2\/users\/3581"}],"replies":[{"embeddable":true,"href":"https:\/\/servicioprofesorado.umh.es\/ca\/wp-json\/wp\/v2\/comments?post=11058"}],"version-history":[{"count":0,"href":"https:\/\/servicioprofesorado.umh.es\/ca\/wp-json\/wp\/v2\/pages\/11058\/revisions"}],"wp:attachment":[{"href":"https:\/\/servicioprofesorado.umh.es\/ca\/wp-json\/wp\/v2\/media?parent=11058"}],"curies":[{"name":"wp","href":"https:\/\/api.w.org\/{rel}","templated":true}]}}